{"id":87,"date":"2024-04-28T13:44:35","date_gmt":"2024-04-28T11:44:35","guid":{"rendered":"http:\/\/pionki.info.pl\/?page_id=87"},"modified":"2025-07-08T00:13:02","modified_gmt":"2025-07-07T22:13:02","slug":"programy-profilaktyczne","status":"publish","type":"page","link":"https:\/\/pionki.info.pl\/?page_id=87","title":{"rendered":"Programy Profilaktyczne"},"content":{"rendered":"\n<p class=\"has-text-align-center has-black-color has-text-color has-link-color wp-elements-c0572f46431a6a4c4157d6dc43e2176f\"><strong>Wszystko to co robimy, robimy dla zdrowia !<\/strong><\/p>\n\n\n\n<p class=\"has-black-color has-text-color has-link-color wp-elements-1d4c600cf411c484b5d8cf6c59093e5e\">Zach\u0119camy Pa\u0144stwa do korzystania z bezp\u0142atnych bada\u0144 profilaktycznych dla pacjent\u00f3w<br>Przychodni \u201eZDROWIE\u201d, kt\u00f3re pozwalaj\u0105 wcze\u015bnie wykry\u0107 gro\u017ane schorzenia, skutecznie je wyleczy\u0107 i cieszy\u0107 si\u0119 zdrowiem. Aktualnie realizujemy Programy Profilaktyczne:<\/p>\n\n\n\n<p class=\"has-black-color has-text-color has-link-color wp-elements-4ed67efd22fa2b033e9cd50eac8a27af\"><a href=\"http:\/\/pionki.info.pl\/?page_id=241\" data-type=\"link\" data-id=\"http:\/\/pionki.info.pl\/?page_id=241\"><strong>*<\/strong> Program wczesnego wykrywania chor\u00f3b uk\u0142adu kr\u0105\u017cenia (CHUK),<\/a><br><a href=\"http:\/\/pionki.info.pl\/?page_id=248\" data-type=\"page\" data-id=\"248\"><strong>*<\/strong> Program wczesnego wykrywania wad st\u00f3p i postawy dzieci i m\u0142odzie\u017cy,<\/a><br><a href=\"http:\/\/pionki.info.pl\/?page_id=429\" data-type=\"page\" data-id=\"429\"><strong>*<\/strong> Program &#8222;Moje Zdrowie&#8221;,<\/a><br><strong>*<\/strong> Program wykrywania chor\u00f3b p\u0142uc.<\/p>\n","protected":false},"excerpt":{"rendered":"<p>Wszystko to co robimy, robimy dla zdrowia ! Zach\u0119camy Pa\u0144stwa do korzystania z bezp\u0142atnych bada\u0144 profilaktycznych dla pacjent\u00f3wPrzychodni \u201eZDROWIE\u201d, kt\u00f3re pozwalaj\u0105 wcze\u015bnie wykry\u0107 gro\u017ane schorzenia, skutecznie je wyleczy\u0107 i cieszy\u0107 si\u0119 zdrowiem. Aktualnie realizujemy Programy Profilaktyczne: * Program wczesnego wykrywania chor\u00f3b uk\u0142adu kr\u0105\u017cenia (CHUK),* Program wczesnego wykrywania wad st\u00f3p i [&hellip;]<\/p>\n","protected":false},"author":1,"featured_media":291,"parent":0,"menu_order":0,"comment_status":"closed","ping_status":"closed","template":"","meta":{"footnotes":""},"class_list":["post-87","page","type-page","status-publish","has-post-thumbnail","hentry"],"_links":{"self":[{"href":"https:\/\/pionki.info.pl\/index.php?rest_route=\/wp\/v2\/pages\/87","targetHints":{"allow":["GET"]}}],"collection":[{"href":"https:\/\/pionki.info.pl\/index.php?rest_route=\/wp\/v2\/pages"}],"about":[{"href":"https:\/\/pionki.info.pl\/index.php?rest_route=\/wp\/v2\/types\/page"}],"author":[{"embeddable":true,"href":"https:\/\/pionki.info.pl\/index.php?rest_route=\/wp\/v2\/users\/1"}],"replies":[{"embeddable":true,"href":"https:\/\/pionki.info.pl\/index.php?rest_route=%2Fwp%2Fv2%2Fcomments&post=87"}],"version-history":[{"count":8,"href":"https:\/\/pionki.info.pl\/index.php?rest_route=\/wp\/v2\/pages\/87\/revisions"}],"predecessor-version":[{"id":842,"href":"https:\/\/pionki.info.pl\/index.php?rest_route=\/wp\/v2\/pages\/87\/revisions\/842"}],"wp:featuredmedia":[{"embeddable":true,"href":"https:\/\/pionki.info.pl\/index.php?rest_route=\/wp\/v2\/media\/291"}],"wp:attachment":[{"href":"https:\/\/pionki.info.pl\/index.php?rest_route=%2Fwp%2Fv2%2Fmedia&parent=87"}],"curies":[{"name":"wp","href":"https:\/\/api.w.org\/{rel}","templated":true}]}}