{"id":82,"date":"2024-04-28T13:44:35","date_gmt":"2024-04-28T11:44:35","guid":{"rendered":"http:\/\/pionki.info.pl\/?page_id=82"},"modified":"2025-01-02T23:36:10","modified_gmt":"2025-01-02T22:36:10","slug":"opieka-koordynowana","status":"publish","type":"page","link":"https:\/\/pionki.info.pl\/?page_id=82","title":{"rendered":"Opieka koordynowana"},"content":{"rendered":"\n<p class=\"has-black-color has-text-color has-link-color wp-elements-d6888fae26c2cadd323656bb0f91a202\" style=\"font-size:18px\">Opieka koordynowana pozwala na kompleksowe zaopiekowanie si\u0119 pacjentem i wzmocnienie<br>profilaktyki w Podstawowej Opiece Zdrowotnej oraz szybk\u0105 reakcj\u0119 w przypadku wykrycia powa\u017cnej choroby. W ramach opieki koordynowanej&nbsp; lekarz Podstawowej Opieki Zdrowotnej (POZ) wsp\u00f3\u0142pracuje: z lekarzami specjalistami, piel\u0119gniark\u0105 i dietetykiem. Zajmuje si\u0119 profilaktyk\u0105, diagnozowaniem, leczeniem i edukacj\u0105 pacjenta na temat wybranych chor\u00f3b.<\/p>\n\n\n\n<p class=\"has-black-color has-text-color has-link-color wp-elements-97f2a55c912cee4fd83c44e138aa4d5a\" style=\"font-size:18px\">Przychodnia\u00a0\u00a0\u201eZDROWIE\u201d \u015bwiadczy opiek\u0119 koordynowanej w zakresie\u00a0\u015bcie\u017cek: <strong>kardiologicznej,  pulmonologicznej i diabetologicznej.<\/strong>\u00a0Opieka koordynowana prowadzona jest w ramach \u015bwiadcze\u0144 NFZ dla zadeklarowanych w Przychodni\u00a0\u201eZDROWIE\u201d pacjent\u00f3w. O w\u0142\u0105czeniu pacjenta w wybrane \u015bcie\u017cki<br>opieki koordynowanej decyduje lekarz POZ.<br>Podczas pierwszej wizyty lekarz:<br>*\u00a0przeprowadzi z Tob\u0105 pog\u0142\u0119biony wywiad,<br>*\u00a0zbada Ci\u0119,<br>*\u00a0przeanalizuje wyniki Twoich bada\u0144 diagnostycznych,<br>*\u00a0oceni aktualny stan Twojego zdrowia,<br>*\u00a0ustali z Tob\u0105 <strong>Indywidualny Plan Opieki Medycznej(IPOM)<\/strong> czyli spersonalizowany program<br>dotycz\u0105cy Twojej diagnostyki i leczenia,<br>*\u00a0przeka\u017ce Ci plan do realizacji \u2013 b\u0119dziesz go mia\u0142 r\u00f3wnie\u017c w formie elektronicznej w swoim<br>Internetowym Koncie Pacjenta.<\/p>\n\n\n\n<p><strong><a href=\"http:\/\/pionki.info.pl\/?page_id=693\" data-type=\"page\" data-id=\"693\">Co zyskuje Pacjent w opiece koordynowanej?<\/a><\/strong><\/p>\n","protected":false},"excerpt":{"rendered":"<p>Opieka koordynowana pozwala na kompleksowe zaopiekowanie si\u0119 pacjentem i wzmocnienieprofilaktyki w Podstawowej Opiece Zdrowotnej oraz szybk\u0105 reakcj\u0119 w przypadku wykrycia powa\u017cnej choroby. W ramach opieki koordynowanej&nbsp; lekarz Podstawowej Opieki Zdrowotnej (POZ) wsp\u00f3\u0142pracuje: z lekarzami specjalistami, piel\u0119gniark\u0105 i dietetykiem. Zajmuje si\u0119 profilaktyk\u0105, diagnozowaniem, leczeniem i edukacj\u0105 pacjenta na temat wybranych chor\u00f3b. [&hellip;]<\/p>\n","protected":false},"author":1,"featured_media":285,"parent":0,"menu_order":0,"comment_status":"closed","ping_status":"closed","template":"","meta":{"footnotes":""},"class_list":["post-82","page","type-page","status-publish","has-post-thumbnail","hentry"],"_links":{"self":[{"href":"https:\/\/pionki.info.pl\/index.php?rest_route=\/wp\/v2\/pages\/82","targetHints":{"allow":["GET"]}}],"collection":[{"href":"https:\/\/pionki.info.pl\/index.php?rest_route=\/wp\/v2\/pages"}],"about":[{"href":"https:\/\/pionki.info.pl\/index.php?rest_route=\/wp\/v2\/types\/page"}],"author":[{"embeddable":true,"href":"https:\/\/pionki.info.pl\/index.php?rest_route=\/wp\/v2\/users\/1"}],"replies":[{"embeddable":true,"href":"https:\/\/pionki.info.pl\/index.php?rest_route=%2Fwp%2Fv2%2Fcomments&post=82"}],"version-history":[{"count":66,"href":"https:\/\/pionki.info.pl\/index.php?rest_route=\/wp\/v2\/pages\/82\/revisions"}],"predecessor-version":[{"id":781,"href":"https:\/\/pionki.info.pl\/index.php?rest_route=\/wp\/v2\/pages\/82\/revisions\/781"}],"wp:featuredmedia":[{"embeddable":true,"href":"https:\/\/pionki.info.pl\/index.php?rest_route=\/wp\/v2\/media\/285"}],"wp:attachment":[{"href":"https:\/\/pionki.info.pl\/index.php?rest_route=%2Fwp%2Fv2%2Fmedia&parent=82"}],"curies":[{"name":"wp","href":"https:\/\/api.w.org\/{rel}","templated":true}]}}