{"id":770,"date":"2025-01-02T22:27:33","date_gmt":"2025-01-02T21:27:33","guid":{"rendered":"http:\/\/pionki.info.pl\/?page_id=770"},"modified":"2025-01-05T18:58:52","modified_gmt":"2025-01-05T17:58:52","slug":"diagnostyka-leczenie-bezdechu-sennego-i-chrapania","status":"publish","type":"page","link":"https:\/\/pionki.info.pl\/?page_id=770","title":{"rendered":"Diagnostyka, leczenie Bezdechu Sennego i Chrapania"},"content":{"rendered":"\n<p class=\"has-black-color has-text-color has-link-color wp-elements-407c1cc8af0fd66ce474bf8891903392\">W Przychodni \u201eZDROWIE\u201d w Pionkach&nbsp;diagnozujemy i leczymy zaburzenia oddychania podczas snu.&nbsp;Na pocz\u0105tku wa\u017cne jest okre\u015blenie, czy wyst\u0119puje bezdech oraz jaki jest jego stopie\u0144 nasilenia.<\/p>\n\n\n\n<p class=\"has-text-color has-link-color wp-elements-57bb2c18447167f6382f3691de4fec89\" style=\"color:#0c43a9\"><strong>BEZDECH<\/strong><strong>&nbsp;SENNY &#8211; CZYM JEST I CZYM GROZI<\/strong><\/p>\n\n\n\n<p class=\"has-black-color has-text-color has-link-color wp-elements-ccbb7baeb3a9fa9fa897c40a1c39c66e\">OBS (Obturacyjny Bezdech Senny)&nbsp;to cz\u0119ste zaburzenie snu, w kt\u00f3rym podczas snu wyst\u0119puj\u0105 powtarzaj\u0105ce si\u0119 przerwy w oddychaniu. Przerwy te, zwane&nbsp;epizodami bezdechu, wyst\u0119puj\u0105 wskutek opadania mi\u0119\u015bni gard\u0142a, co utrudnia dop\u0142yw tlenu do p\u0142uc.<\/p>\n\n\n\n<p class=\"has-black-color has-text-color has-link-color wp-elements-4d98c31010e1fb3a6e4541a788f52814\">Bezdech senny to powa\u017cna i niebezpieczna dolegliwo\u015b\u0107, kt\u00f3ra prowadzi do&nbsp; zaburze\u0144 snu a w konsekwencji do niedotlenienia organizmu i uczucia ci\u0105g\u0142ego zm\u0119czenia w ci\u0105gu dnia.&nbsp;Nieleczony mo\u017ce mie\u0107 gro\u017ane skutki dla zdrowia, a nawet \u017cycia chorego.<\/p>\n\n\n\n<p class=\"has-black-color has-text-color has-link-color wp-elements-675c00ef5b863e91a0d3468630313ebf\"><strong>Skutki nieleczonego bezdechu sennego:<\/strong><\/p>\n\n\n\n<p class=\"has-black-color has-text-color has-link-color wp-elements-5ae439f8789122cb89f014c7a6208f3c\">\u2022&nbsp;Choroby serca i nadci\u015bnienie \u2013 powtarzaj\u0105ce si\u0119 przerwy w oddychaniu zwi\u0119kszaj\u0105 ci\u015bnienie krwi, obci\u0105\u017caj\u0105c serce i zwi\u0119kszaj\u0105c ryzyko zawa\u0142u czy arytmii.<\/p>\n\n\n\n<p class=\"has-black-color has-text-color has-link-color wp-elements-bad38c6f92452a537ad928475839fd11\">\u2022&nbsp;Oty\u0142o\u015b\u0107, cukrzyca typu 2 \u2013 bezdech senny jest powi\u0105zany z zaburzeniami metabolizmu glukozy, co zwi\u0119ksza ryzyko wyst\u0105pienia cukrzycy.<\/p>\n\n\n\n<p class=\"has-black-color has-text-color has-link-color wp-elements-64afc46388c292b30c9e645ce4dddcc5\">\u2022&nbsp;Problemy z pami\u0119ci\u0105 i koncentracj\u0105 \u2013 brak regeneruj\u0105cego snu wp\u0142ywa na funkcjonowanie m\u00f3zgu, obni\u017caj\u0105c zdolno\u015b\u0107 do zapami\u0119tywania i skupienia si\u0119.<\/p>\n\n\n\n<p class=\"has-black-color has-text-color has-link-color wp-elements-734dcffeec2d124286c0652d7abb0e51\">\u2022&nbsp;Udar m\u00f3zgu \u2013 d\u0142ugotrwa\u0142e niedotlenienie podczas snu zwi\u0119ksza ryzyko wyst\u0105pienia udaru.<\/p>\n\n\n\n<p class=\"has-black-color has-text-color has-link-color wp-elements-fd6d8774403c567aca88e63ea1c64595\">\u2022&nbsp;Problemy ze zdrowiem psychicznym \u2013 osoby z nieleczonym bezdechem sennym cz\u0119\u015bciej cierpi\u0105 na depresj\u0119 i stany l\u0119kowe.<\/p>\n\n\n\n<p class=\"has-black-color has-text-color has-link-color wp-elements-6bd41e820fffa28e7b7e19eea91b7b34\">\u2022&nbsp;Wypadki komunikacyjne(pacjenci chorzy na OBS s\u0105 sprawcami wypadk\u00f3w 7&nbsp;razy cz\u0119\u015bciej ni\u017c osoby zdrowe.<\/p>\n\n\n\n<p class=\"has-text-color has-link-color wp-elements-499573918d72db86fd37aeaec595f2db\" style=\"color:#0b519b\"><strong>JAK ROZPOZNA\u0106 OBJAWY BEZDECHU SENNEGO<\/strong><\/p>\n\n\n\n<p class=\"has-black-color has-text-color has-link-color wp-elements-4bee58883488d592ee1428e1f0fe7a32\"><strong>Objawy nocne<\/strong><\/p>\n\n\n\n<p class=\"has-black-color has-text-color has-link-color wp-elements-7e3b4ef03ab086d0e48e5b3191ffb55e\">\u2022&nbsp;nieregularne, g\u0142o\u015bne chrapanie,<\/p>\n\n\n\n<p class=\"has-black-color has-text-color has-link-color wp-elements-12e7fdd119b89d8fc859efed881b126e\">\u2022&nbsp;niespokojny, przerywany sen,<\/p>\n\n\n\n<p class=\"has-black-color has-text-color has-link-color wp-elements-2e27287b6e138d88279d6daade497349\">\u2022&nbsp;przerwy w oddychaniu,<\/p>\n\n\n\n<p class=\"has-black-color has-text-color has-link-color wp-elements-023568c7488b25280d648e8280abb7b3\">\u2022&nbsp;nag\u0142e wybudzenia, cz\u0119sto z uczuciem l\u0119ku i dezorientacji,<\/p>\n\n\n\n<p class=\"has-black-color has-text-color has-link-color wp-elements-f63833342931ee5e2f8d366b2258c018\">\u2022&nbsp;problemy z ponownym za\u015bni\u0119ciem,<\/p>\n\n\n\n<p class=\"has-black-color has-text-color has-link-color wp-elements-ab6b30004704727c5b255e797b561470\">\u2022&nbsp;nadmierna nocna potliwo\u015b\u0107,<\/p>\n\n\n\n<p class=\"has-black-color has-text-color has-link-color wp-elements-c34c45e258d95c837a3f44eef3b7fafb\">\u2022&nbsp;potrzeba oddawania moczu w&nbsp;nocy.<\/p>\n\n\n\n<p class=\"has-black-color has-text-color has-link-color wp-elements-3066fa174d9f4a3cc4ab9907e25a2a47\"><strong>Objawy dzienne<\/strong><\/p>\n\n\n\n<p class=\"has-black-color has-text-color has-link-color wp-elements-26a96bcb538e4fb3f04f1d5f53511fd0\">\u2022&nbsp;poranne b\u00f3le g\u0142owy,<\/p>\n\n\n\n<p class=\"has-black-color has-text-color has-link-color wp-elements-209c040fe8ccf41e03b0385810ac728d\">\u2022&nbsp;du\u017ca sucho\u015b\u0107 w ustach po przebudzeniu,<\/p>\n\n\n\n<p class=\"has-black-color has-text-color has-link-color wp-elements-844d1b89556377c99c395f3be13ebad0\">\u2022&nbsp;nadmierna senno\u015b\u0107 utrudniaj\u0105ca normalne funkcjonowanie,<\/p>\n\n\n\n<p class=\"has-black-color has-text-color has-link-color wp-elements-e6ce2163ea4f09073a79acff0c22a4fe\">\u2022&nbsp;ci\u0105g\u0142e uczucie niewyspania i zm\u0119czenia,<\/p>\n\n\n\n<p class=\"has-black-color has-text-color has-link-color wp-elements-13195e1217901c5e8915b127f9459b7e\">\u2022&nbsp;nasilona dra\u017cliwo\u015b\u0107,<\/p>\n\n\n\n<p class=\"has-black-color has-text-color has-link-color wp-elements-4ec82dd54d14f5c69b6d5c9ab0165765\">\u2022&nbsp;k\u0142opoty z koncentracj\u0105,<\/p>\n\n\n\n<p class=\"has-text-color has-link-color wp-elements-5e1f4de68b16848b07ee71eb0387d29b\" style=\"color:#1b58a8\"><strong>DIAGNOSTYKA &nbsp;OBTURACYJNEGO BEZDECHU SENNEGO- BADANIE POLIGRAFICZNE<\/strong><\/p>\n\n\n\n<p class=\"has-black-color has-text-color has-link-color wp-elements-32fe3b63677d00879a5ea6977c9506be\">Rozpoznanie choroby ustalamy po badaniu lekarskim i przeprowadzeniu specjalistycznego badania&nbsp;w domu chorego&nbsp;nowoczesnym, przeno\u015bnym aparatem-poligrafem.&nbsp;Urz\u0105dzenie to w czasie jednej nocy rejestruje wiele parametr\u00f3w, na podstawie kt\u00f3rych mo\u017cna oceni\u0107 oddychanie chorego w czasie snu.<\/p>\n\n\n\n<p class=\"has-text-color has-link-color wp-elements-6fe0ed2063272662e8c77059a0bb676c\" style=\"color:#075fa2\"><strong>LECZENIE BEZDECHU SENNEGO<\/strong><\/p>\n\n\n\n<p class=\"has-black-color has-text-color has-link-color wp-elements-2d45d6f4987dc76d5683d8f615701e7b\">Leczenie bezdechu sennego jest niezwykle istotne dla zdrowia i dobrej jako\u015bci \u017cycia. Celem leczenia jest przywr\u00f3cenie dro\u017cno\u015bci g\u00f3rnych dr\u00f3g oddechowych, czyli likwidacja chrapania, przerw w oddychaniu oraz zapobieganie ich niebezpiecznym nast\u0119pstwom. Zale\u017cnie od intensywno\u015bci objaw\u00f3w choroby, pacjentom rekomendujemy r\u00f3\u017cne metody leczenia.&nbsp;<\/p>\n\n\n\n<p><a href=\"http:\/\/pionki.info.pl\/?page_id=782\" data-type=\"page\" data-id=\"782\">Badanie poligraficzne &#8211; czym jest, wskazania, przygotowanie do badania.<\/a><\/p>\n","protected":false},"excerpt":{"rendered":"<p>W Przychodni \u201eZDROWIE\u201d w Pionkach&nbsp;diagnozujemy i leczymy zaburzenia oddychania podczas snu.&nbsp;Na pocz\u0105tku wa\u017cne jest okre\u015blenie, czy wyst\u0119puje bezdech oraz jaki jest jego stopie\u0144 nasilenia. BEZDECH&nbsp;SENNY &#8211; CZYM JEST I CZYM GROZI OBS (Obturacyjny Bezdech Senny)&nbsp;to cz\u0119ste zaburzenie snu, w kt\u00f3rym podczas snu wyst\u0119puj\u0105 powtarzaj\u0105ce si\u0119 przerwy w oddychaniu. Przerwy te, [&hellip;]<\/p>\n","protected":false},"author":1,"featured_media":786,"parent":0,"menu_order":0,"comment_status":"closed","ping_status":"closed","template":"","meta":{"footnotes":""},"class_list":["post-770","page","type-page","status-publish","has-post-thumbnail","hentry"],"_links":{"self":[{"href":"https:\/\/pionki.info.pl\/index.php?rest_route=\/wp\/v2\/pages\/770","targetHints":{"allow":["GET"]}}],"collection":[{"href":"https:\/\/pionki.info.pl\/index.php?rest_route=\/wp\/v2\/pages"}],"about":[{"href":"https:\/\/pionki.info.pl\/index.php?rest_route=\/wp\/v2\/types\/page"}],"author":[{"embeddable":true,"href":"https:\/\/pionki.info.pl\/index.php?rest_route=\/wp\/v2\/users\/1"}],"replies":[{"embeddable":true,"href":"https:\/\/pionki.info.pl\/index.php?rest_route=%2Fwp%2Fv2%2Fcomments&post=770"}],"version-history":[{"count":3,"href":"https:\/\/pionki.info.pl\/index.php?rest_route=\/wp\/v2\/pages\/770\/revisions"}],"predecessor-version":[{"id":799,"href":"https:\/\/pionki.info.pl\/index.php?rest_route=\/wp\/v2\/pages\/770\/revisions\/799"}],"wp:featuredmedia":[{"embeddable":true,"href":"https:\/\/pionki.info.pl\/index.php?rest_route=\/wp\/v2\/media\/786"}],"wp:attachment":[{"href":"https:\/\/pionki.info.pl\/index.php?rest_route=%2Fwp%2Fv2%2Fmedia&parent=770"}],"curies":[{"name":"wp","href":"https:\/\/api.w.org\/{rel}","templated":true}]}}