{"id":693,"date":"2024-07-07T21:00:51","date_gmt":"2024-07-07T19:00:51","guid":{"rendered":"http:\/\/pionki.info.pl\/?page_id=693"},"modified":"2024-07-07T22:34:58","modified_gmt":"2024-07-07T20:34:58","slug":"co-zyskuje-pacjent-w-opiece-koordynowanej","status":"publish","type":"page","link":"https:\/\/pionki.info.pl\/?page_id=693","title":{"rendered":"Co zyskuje Pacjent w opiece koordynowanej?"},"content":{"rendered":"\n<p class=\"has-black-color has-text-color has-link-color wp-elements-7b0cb3485a9d2f0a92159195eeadedec\">Rozwi\u0105zania wprowadzone do Podstawowej Opieki Zdrowotnej dzi\u0119ki opiece koordynowanej&nbsp;<br>poprawiaj\u0105 jako\u015b\u0107 opieki i dost\u0119pno\u015b\u0107 do \u015bwiadcze\u0144&nbsp;zdrowotnych.<br>&nbsp;<strong>Co zyskuje Pacjent ?<\/strong><\/p>\n\n\n\n<ol class=\"has-black-color has-text-color has-link-color wp-block-list wp-elements-d01536349863f585648d92379ed9d9ba\">\n<li><strong>Wygod\u0119<\/strong>&nbsp;&#8211; wi\u0119cej wizyt, bada\u0144 i konsultacji w jednym miejscu.<\/li>\n\n\n\n<li><strong>Czas<\/strong>&nbsp;&#8211; wizyty, badania i konsultacje umawia dla Ciebie pracownik Przychodni \u201eZdrowie\u201d<br>(koordynator) .<\/li>\n\n\n\n<li><strong>Bezpiecze\u0144stwo&nbsp;<\/strong>\u2013 koordynator czuwa nad sprawn\u0105 realizacj\u0105 Twojego planu leczenia.<\/li>\n\n\n\n<li><strong>Dost\u0119pno\u015b\u0107<\/strong>&nbsp;&#8211; szerszy zakres bada\u0144 diagnostycznych i dost\u0119p do specjalist\u00f3w.<\/li>\n\n\n\n<li><strong>Wiedz\u0119<\/strong>\u00a0&#8211; porady dietetyczne i edukacyjne z zakresu profilaktyki i Twojej choroby.<\/li>\n\n\n\n<li><strong>Aktywizacje <\/strong>&#8211; podejmowanie dzia\u0142a\u0144 zgodnie z ustalonym planem\u00a0IPOM. <\/li>\n<\/ol>\n\n\n\n<p><strong><a href=\"http:\/\/pionki.info.pl\/?page_id=156\" data-type=\"page\" data-id=\"156\">Zakres \u015bwiadcze\u0144 w opiece koordynowanej.<\/a><\/strong><\/p>\n","protected":false},"excerpt":{"rendered":"<p>Rozwi\u0105zania wprowadzone do Podstawowej Opieki Zdrowotnej dzi\u0119ki opiece koordynowanej&nbsp;poprawiaj\u0105 jako\u015b\u0107 opieki i dost\u0119pno\u015b\u0107 do \u015bwiadcze\u0144&nbsp;zdrowotnych.&nbsp;Co zyskuje Pacjent ? Zakres \u015bwiadcze\u0144 w opiece koordynowanej.<\/p>\n","protected":false},"author":1,"featured_media":438,"parent":0,"menu_order":0,"comment_status":"closed","ping_status":"closed","template":"","meta":{"footnotes":""},"class_list":["post-693","page","type-page","status-publish","has-post-thumbnail","hentry"],"_links":{"self":[{"href":"https:\/\/pionki.info.pl\/index.php?rest_route=\/wp\/v2\/pages\/693","targetHints":{"allow":["GET"]}}],"collection":[{"href":"https:\/\/pionki.info.pl\/index.php?rest_route=\/wp\/v2\/pages"}],"about":[{"href":"https:\/\/pionki.info.pl\/index.php?rest_route=\/wp\/v2\/types\/page"}],"author":[{"embeddable":true,"href":"https:\/\/pionki.info.pl\/index.php?rest_route=\/wp\/v2\/users\/1"}],"replies":[{"embeddable":true,"href":"https:\/\/pionki.info.pl\/index.php?rest_route=%2Fwp%2Fv2%2Fcomments&post=693"}],"version-history":[{"count":5,"href":"https:\/\/pionki.info.pl\/index.php?rest_route=\/wp\/v2\/pages\/693\/revisions"}],"predecessor-version":[{"id":722,"href":"https:\/\/pionki.info.pl\/index.php?rest_route=\/wp\/v2\/pages\/693\/revisions\/722"}],"wp:featuredmedia":[{"embeddable":true,"href":"https:\/\/pionki.info.pl\/index.php?rest_route=\/wp\/v2\/media\/438"}],"wp:attachment":[{"href":"https:\/\/pionki.info.pl\/index.php?rest_route=%2Fwp%2Fv2%2Fmedia&parent=693"}],"curies":[{"name":"wp","href":"https:\/\/api.w.org\/{rel}","templated":true}]}}