{"id":642,"date":"2024-07-03T13:25:35","date_gmt":"2024-07-03T11:25:35","guid":{"rendered":"http:\/\/pionki.info.pl\/?page_id=642"},"modified":"2024-07-03T21:41:53","modified_gmt":"2024-07-03T19:41:53","slug":"eeg-czym-jest-przygotowanie-do-badania","status":"publish","type":"page","link":"https:\/\/pionki.info.pl\/?page_id=642","title":{"rendered":"EEG-czym jest , przygotowanie do badania."},"content":{"rendered":"\n<p class=\"has-black-color has-text-color has-link-color wp-elements-4170c231b3a0f8c247ae02bad803190b\">Badanie EEG (elektroencefalografia) jest kluczowym narz\u0119dziem w\u00a0diagnostyce neurologicznej, szczeg\u00f3lnie w przypadkach podejrzenia epilepsji i klasyfikowania jej formy.\u00a0Badanie\u00a0pozwala na ocen\u0119 aktywno\u015bci elektrycznej m\u00f3zgu poprzez rejestrowanie fal\u00a0m\u00f3zgowych.\u00a0Badanie\u00a0EEG jest bezbolesne i bezpieczne.<strong>\u00a0<\/strong>Jest ono szczeg\u00f3lnie przydatne w przypadkach, gdy inne metody diagnostyczne (np.\u00a0rezonans magnetyczny\u00a0czy\u00a0tomografia komputerowa) nie dostarczaj\u0105 wystarczaj\u0105cych informacji.\u00a0<\/p>\n\n\n\n<p class=\"has-black-color has-text-color has-link-color wp-elements-eebf765334cb017b0c0cb47644b47bbb\">Podczas badania, elektroencefalograf rejestruje fale m\u00f3zgowe przez elektrody umieszczone na sk\u00f3rze g\u0142owy pacjenta.<strong>&nbsp;<\/strong>Otrzymane wyniki s\u0105 analizowane pod k\u0105tem&nbsp;ich cz\u0119stotliwo\u015bci, amplitudy i&nbsp;wzorc\u00f3w.<\/p>\n\n\n\n<p>Jak przygotowa\u0107 si\u0119 do badania EEG?<\/p>\n\n\n\n<p class=\"has-black-color has-text-color has-link-color wp-elements-55d4185afa2a409fc5f4174c0fca6d3f\">Pacjent powinien zg\u0142osi\u0107 si\u0119 na badanie b\u0119d\u0105c wypocz\u0119tym. Nie nale\u017cy przyjmowa\u0107 \u017cadnych lek\u00f3w lub innych \u015brodk\u00f3w wp\u0142ywaj\u0105cych na uk\u0142ad nerwowy i&nbsp;prac\u0119 m\u00f3zgu. Je\u017celi pacjent na sta\u0142e przyjmuje leki maj\u0105ce wp\u0142yw na dzia\u0142anie uk\u0142adu nerwowego, powinien poinformowa\u0107 o&nbsp;tym przeprowadzaj\u0105cego badanie.<\/p>\n\n\n\n<p class=\"has-black-color has-text-color has-link-color wp-elements-a5e33421c3fefdd16dbb9becb8ec944d\"><strong>Najwa\u017cniejsze informacje przed badaniem:<\/strong><\/p>\n\n\n\n<p class=\"has-black-color has-text-color has-link-color wp-elements-7dce3b3fc0294e7c13bef7773d7114fe\">\u2022&nbsp;nale\u017cy umy\u0107 g\u0142ow\u0119, sk\u00f3ra g\u0142owy&nbsp;musi by\u0107 czysta.,<\/p>\n\n\n\n<p class=\"has-black-color has-text-color has-link-color wp-elements-4e192969110d2cd52f56e46bbd47f992\">\u2022&nbsp;nie nale\u017cy stosowa\u0107 \u017cadnych kosmetyk\u00f3w do w\u0142os\u00f3w (pianek, lakier\u00f3w itp),<\/p>\n\n\n\n<p class=\"has-black-color has-text-color has-link-color wp-elements-8031eab2b11c735097f354f11b4d2d4b\">\u2022&nbsp;je\u015bli w\u0142osy by\u0142y farbowane \u2013 na badanie trzeba si\u0119 zg\u0142osi\u0107 po przynajmniej trzykrotnym umyciu g\u0142owy od farbowania,<\/p>\n\n\n\n<p class=\"has-black-color has-text-color has-link-color wp-elements-5f6a9524eb8f35e4fefa215aaf90a266\">\u2022&nbsp;dzie\u0144 przed badaniem konieczne jest unikanie alkoholu, kofeiny, napoj\u00f3w energetyzuj\u0105cych, napoj\u00f3w typu cola itp.,<\/p>\n\n\n\n<p class=\"has-black-color has-text-color has-link-color wp-elements-8aea3884653b25e5bd8e89829ab31810\">\u2022&nbsp;w dniu badania zje\u015b\u0107 lekki posi\u0142ek.<\/p>\n","protected":false},"excerpt":{"rendered":"<p>Badanie EEG (elektroencefalografia) jest kluczowym narz\u0119dziem w\u00a0diagnostyce neurologicznej, szczeg\u00f3lnie w przypadkach podejrzenia epilepsji i klasyfikowania jej formy.\u00a0Badanie\u00a0pozwala na ocen\u0119 aktywno\u015bci elektrycznej m\u00f3zgu poprzez rejestrowanie fal\u00a0m\u00f3zgowych.\u00a0Badanie\u00a0EEG jest bezbolesne i bezpieczne.\u00a0Jest ono szczeg\u00f3lnie przydatne w przypadkach, gdy inne metody diagnostyczne (np.\u00a0rezonans magnetyczny\u00a0czy\u00a0tomografia komputerowa) nie dostarczaj\u0105 wystarczaj\u0105cych informacji.\u00a0 Podczas badania, elektroencefalograf rejestruje fale [&hellip;]<\/p>\n","protected":false},"author":1,"featured_media":658,"parent":0,"menu_order":0,"comment_status":"closed","ping_status":"closed","template":"","meta":{"footnotes":""},"class_list":["post-642","page","type-page","status-publish","has-post-thumbnail","hentry"],"_links":{"self":[{"href":"https:\/\/pionki.info.pl\/index.php?rest_route=\/wp\/v2\/pages\/642","targetHints":{"allow":["GET"]}}],"collection":[{"href":"https:\/\/pionki.info.pl\/index.php?rest_route=\/wp\/v2\/pages"}],"about":[{"href":"https:\/\/pionki.info.pl\/index.php?rest_route=\/wp\/v2\/types\/page"}],"author":[{"embeddable":true,"href":"https:\/\/pionki.info.pl\/index.php?rest_route=\/wp\/v2\/users\/1"}],"replies":[{"embeddable":true,"href":"https:\/\/pionki.info.pl\/index.php?rest_route=%2Fwp%2Fv2%2Fcomments&post=642"}],"version-history":[{"count":3,"href":"https:\/\/pionki.info.pl\/index.php?rest_route=\/wp\/v2\/pages\/642\/revisions"}],"predecessor-version":[{"id":659,"href":"https:\/\/pionki.info.pl\/index.php?rest_route=\/wp\/v2\/pages\/642\/revisions\/659"}],"wp:featuredmedia":[{"embeddable":true,"href":"https:\/\/pionki.info.pl\/index.php?rest_route=\/wp\/v2\/media\/658"}],"wp:attachment":[{"href":"https:\/\/pionki.info.pl\/index.php?rest_route=%2Fwp%2Fv2%2Fmedia&parent=642"}],"curies":[{"name":"wp","href":"https:\/\/api.w.org\/{rel}","templated":true}]}}