{"id":641,"date":"2024-07-03T13:25:35","date_gmt":"2024-07-03T11:25:35","guid":{"rendered":"http:\/\/pionki.info.pl\/?page_id=641"},"modified":"2024-07-04T21:11:06","modified_gmt":"2024-07-04T19:11:06","slug":"ekg-spoczynkowe-czym-jest-wskazania-przygotowanie-do-badania","status":"publish","type":"page","link":"https:\/\/pionki.info.pl\/?page_id=641","title":{"rendered":"EKG spoczynkowe- czym jest ,wskazania, przygotowanie do badania"},"content":{"rendered":"\n<p class=\"has-black-color has-text-color has-link-color wp-elements-caaa88197f09f49c7d915beb19a79ce7\">EKG (elektrokardiogram) spoczynkowe to&nbsp;&nbsp;podstawowe, nieinwazyjne i bezbolesne badanie podczas kt\u00f3rego rejestruje si\u0119 aktywno\u015b\u0107 elektryczn\u0105 serca w stanie spoczynku.&nbsp;Pomaga ono w wykryciu nieprawid\u0142owo\u015bci, takich jak&nbsp;np.&nbsp;arytmie, uszkodzenia mi\u0119\u015bnia sercowego, choroba wie\u0144cowa, czy zawa\u0142 serca.&nbsp;Wskazaniem do wykonania badania b\u0119d\u0105 tak\u017ce nawracaj\u0105ce b\u00f3le w klatce piersiowej i omdlenia. Badanie s\u0142u\u017cy r\u00f3wnie\u017c do monitorowania post\u0119p\u00f3w leczenia chor\u00f3b serca oraz takich schorze\u0144 jak nadci\u015bnienie t\u0119tnicze czy mia\u017cd\u017cyca.&nbsp;Jest ono wskazane jako&nbsp;element profilaktyki dla os\u00f3b, kt\u00f3re uko\u0144czy\u0142y 50&nbsp;rok \u017cycia \u2013 EKG powinno by\u0107 wykonywane w ramach bada\u0144 okresowych co 1\u20132 lata lub cz\u0119\u015bciej, je\u015bli pojawi\u0105 si\u0119 niepokoj\u0105ce objawy.<\/p>\n\n\n\n<p class=\"has-black-color has-text-color has-link-color wp-elements-18c00b38c561760c4081bc388d8b9d75\"><strong>EKG spoczynkowe<\/strong> \u2013 jak sama nazwa wskazuje \u2013 rejestruje czynno\u015b\u0107 serca u Pacjenta, kt\u00f3ry le\u017cy na kozetce i nie wykonuje \u017cadnej dodatkowej aktywno\u015bci.&nbsp;Podczas badania elektrokardiograficznego specjalne urz\u0105dzenie (elektrokardiograf) pozwala na rejestracj\u0119 elektrycznej czynno\u015bci serca, dzi\u0119ki umieszczonym na klatce piersiowej i&nbsp;ko\u0144czynach elektrodom.&nbsp;<\/p>\n\n\n\n<p class=\"has-black-color has-text-color has-link-color wp-elements-46840a0c1c1a3f7fb8a80b1d30fa7a02\"><strong>Jak przygotowa\u0107 si\u0119 do badania EKG?<\/strong><\/p>\n\n\n\n<p class=\"has-black-color has-text-color has-link-color wp-elements-d897ea9d4ade1d0dc1f5839775d29445\">\u2022\u00a0przed badaniem Pacjent nie powinien smarowa\u0107 sk\u00f3ry \u017cadnymi kremami ani balsamami, poniewa\u017c do nat\u0142uszczonej sk\u00f3ry\u00a0elektrody gorzej si\u0119 przyklejaj\u0105;<\/p>\n\n\n\n<p>\u2022\u00a0przed wykonaniem badania nale\u017cy rezygnowa\u0107 z zimnych napoj\u00f3w, kawy\u00a0oraz palenia\u00a0papieros\u00f3w;<\/p>\n\n\n\n<p class=\"has-black-color has-text-color has-link-color wp-elements-29aa21e633bc09606d92e2bbed6d5b26\">\u2022\u00a0dzie\u0144 przed badaniem nie powinno si\u0119 pi\u0107 alkoholu;\u00a0\u00a0 \u00a0\u00a0<\/p>\n\n\n\n<p class=\"has-black-color has-text-color has-link-color wp-elements-582ffe06f63d7eb89793537b6b64b8ef\">\u2022&nbsp;przed badaniem trzeba zdj\u0105\u0107 zegarek, bi\u017cuteri\u0119 i wszelkie metalowe akcesoria;<\/p>\n\n\n\n<p class=\"has-black-color has-text-color has-link-color wp-elements-e552a88997122125830c417354e5efef\">\u2022&nbsp;bezpo\u015brednio przed badaniem warto odpocz\u0105\u0107 przez kilka&nbsp;minut, poniewa\u017c przyspieszona praca serca mo\u017ce zafa\u0142szowa\u0107 wynik;<\/p>\n","protected":false},"excerpt":{"rendered":"<p>EKG (elektrokardiogram) spoczynkowe to&nbsp;&nbsp;podstawowe, nieinwazyjne i bezbolesne badanie podczas kt\u00f3rego rejestruje si\u0119 aktywno\u015b\u0107 elektryczn\u0105 serca w stanie spoczynku.&nbsp;Pomaga ono w wykryciu nieprawid\u0142owo\u015bci, takich jak&nbsp;np.&nbsp;arytmie, uszkodzenia mi\u0119\u015bnia sercowego, choroba wie\u0144cowa, czy zawa\u0142 serca.&nbsp;Wskazaniem do wykonania badania b\u0119d\u0105 tak\u017ce nawracaj\u0105ce b\u00f3le w klatce piersiowej i omdlenia. Badanie s\u0142u\u017cy r\u00f3wnie\u017c do monitorowania post\u0119p\u00f3w [&hellip;]<\/p>\n","protected":false},"author":1,"featured_media":292,"parent":0,"menu_order":0,"comment_status":"closed","ping_status":"closed","template":"","meta":{"footnotes":""},"class_list":["post-641","page","type-page","status-publish","has-post-thumbnail","hentry"],"_links":{"self":[{"href":"https:\/\/pionki.info.pl\/index.php?rest_route=\/wp\/v2\/pages\/641","targetHints":{"allow":["GET"]}}],"collection":[{"href":"https:\/\/pionki.info.pl\/index.php?rest_route=\/wp\/v2\/pages"}],"about":[{"href":"https:\/\/pionki.info.pl\/index.php?rest_route=\/wp\/v2\/types\/page"}],"author":[{"embeddable":true,"href":"https:\/\/pionki.info.pl\/index.php?rest_route=\/wp\/v2\/users\/1"}],"replies":[{"embeddable":true,"href":"https:\/\/pionki.info.pl\/index.php?rest_route=%2Fwp%2Fv2%2Fcomments&post=641"}],"version-history":[{"count":3,"href":"https:\/\/pionki.info.pl\/index.php?rest_route=\/wp\/v2\/pages\/641\/revisions"}],"predecessor-version":[{"id":661,"href":"https:\/\/pionki.info.pl\/index.php?rest_route=\/wp\/v2\/pages\/641\/revisions\/661"}],"wp:featuredmedia":[{"embeddable":true,"href":"https:\/\/pionki.info.pl\/index.php?rest_route=\/wp\/v2\/media\/292"}],"wp:attachment":[{"href":"https:\/\/pionki.info.pl\/index.php?rest_route=%2Fwp%2Fv2%2Fmedia&parent=641"}],"curies":[{"name":"wp","href":"https:\/\/api.w.org\/{rel}","templated":true}]}}