{"id":564,"date":"2024-06-29T22:58:39","date_gmt":"2024-06-29T20:58:39","guid":{"rendered":"http:\/\/pionki.info.pl\/?page_id=564"},"modified":"2025-02-12T21:35:22","modified_gmt":"2025-02-12T20:35:22","slug":"holter-ekg-czym-jest-wskazania-przygotowanie-do-badania-2","status":"publish","type":"page","link":"https:\/\/pionki.info.pl\/?page_id=564","title":{"rendered":"Holter EKG-czym jest ,wskazania, przygotowanie do badania."},"content":{"rendered":"\n<p class=\"has-black-color has-text-color has-link-color wp-elements-123429d390c01dd9339c388bbf410430\">Badanie elektrycznej czynno\u015bci serca, czyli tzw. elektrokardiografia (EKG), to jedno z podstawowych bada\u0144 diagnostycznych, stosowanych w kardiologii. Zleca si\u0119 go zar\u00f3wno profilaktycznie, jak i w przypadku podejrzenia problem\u00f3w kardiologicznych. Badanie przeprowadzane jest przez minimum 24 godziny, a w niekt\u00f3rych przypadkach nawet przez kilka dni. Dzi\u0119ki ci\u0105g\u0142emu zapisowi pracy serca mo\u017cliwa jest ocena dynamicznych zmian zachodz\u0105cych w mi\u0119\u015bniu sercowym i zdiagnozowanie utajonych zaburze\u0144, kt\u00f3rych nie mo\u017cna wykry\u0107 w standardowym, spoczynkowym badaniu EKG. Holter EKG jest badaniem ca\u0142kowicie bezbolesnym i nieinwazyjnym.<\/p>\n\n\n\n<p class=\"has-black-color has-text-color has-link-color wp-elements-d007d7a6324aa96681619713fadd2b6e\">Holter umo\u017cliwia ocen\u0119 pracy serca r\u00f3wnie\u017c w trakcie snu. Jest to istotne poniewa\u017c w niekt\u00f3rych<br>przypadkach to w\u0142a\u015bnie tylko wtedy dochodzi do powa\u017cnych zaburze\u0144 jego funkcji.<\/p>\n\n\n\n<div class=\"wp-block-group is-vertical is-layout-flex wp-container-core-group-is-layout-8cf370e7 wp-block-group-is-layout-flex\">\n<p class=\"has-black-color has-text-color has-link-color wp-elements-3e092436416744cf6b8faf9eba8b819b\"><strong>Kiedy za\u0142o\u017cy\u0107 Holter EKG? Wskazania:\u00a0<\/strong><\/p>\n\n\n\n<ul class=\"wp-block-list\">\n<li class=\"has-black-color has-text-color has-link-color wp-elements-7c7caca3b8f7516bd4faf2efab9efe14\">Napady duszno\u015bci.<\/li>\n<\/ul>\n\n\n\n<ul class=\"wp-block-list\">\n<li class=\"has-black-color has-text-color has-link-color wp-elements-a444b546ca2816909aa2718a9939cffc\">Choroba niedokrwienna serca,<\/li>\n<\/ul>\n\n\n\n<ul class=\"wp-block-list\">\n<li class=\"has-black-color has-text-color has-link-color wp-elements-8fd507bed4618ec93954a1e35b4660d6\">Nawracaj\u0105ce omdlenia i zas\u0142abni\u0119cia,<\/li>\n<\/ul>\n\n\n\n<ul class=\"wp-block-list\">\n<li class=\"has-black-color has-text-color has-link-color wp-elements-ec2b9b89b5b64ec0e3a0ccc92417d74f\">Zaburzenia rytmu serca (nier\u00f3wne lub przyspieszone bicie lub ko\u0142atanie),<\/li>\n<\/ul>\n\n\n\n<ul class=\"wp-block-list\">\n<li class=\"has-black-color has-text-color has-link-color wp-elements-02065a854cd108afb1f3440d521c84ef\">Ocena skuteczno\u015bci leczenia farmakologicznego,<\/li>\n<\/ul>\n\n\n\n<ul class=\"wp-block-list\">\n<li class=\"has-black-color has-text-color has-link-color wp-elements-83ae2d7b4e94dd632da07465cc41ff2c\">Monitorowanie pracy rozrusznika serca,<\/li>\n<\/ul>\n\n\n\n<ul class=\"wp-block-list\">\n<li class=\"has-black-color has-text-color has-link-color wp-elements-978dba32fee3d31f978ee322b68cfa3e\">Nadci\u015bnienie t\u0119tnicze,<\/li>\n<\/ul>\n\n\n\n<ul class=\"wp-block-list\">\n<li class=\"has-black-color has-text-color has-link-color wp-elements-4f78c50ca2ef13764b58d9c59728a754\">Choroba wie\u0144cowa,<\/li>\n<\/ul>\n\n\n\n<ul class=\"wp-block-list\">\n<li class=\"has-black-color has-text-color has-link-color wp-elements-e52e51180151a5c4bddb0f7c4e80cf10\">Przebyty zawa\u0142 serca,<\/li>\n<\/ul>\n<\/div>\n\n\n\n<p class=\"has-black-color has-text-color has-link-color wp-elements-eb722f6ec5543bb9ddcdb67815659142\"><strong>Jak si\u0119 przygotowa\u0107?<\/strong><br>* Za\u0142\u00f3\u017c wygodne, lu\u017ane ubranie (np. rozpinan\u0105 koszul\u0119, T-shirt). W gabinecie personel medyczny<br>odt\u0142u\u015bci miejsca, w kt\u00f3rych trzeba przyklei\u0107 elektrody (je\u015bli masz ow\u0142osion\u0105 klatk\u0119 piersiow\u0105,<br>konieczne b\u0119dzie wygolenie miejsc przyczepu elektrod).<br>* Podczas przeprowadzanego zapisu pacjent powinien realizowa\u0107 normaln\u0105 aktywno\u015b\u0107. Nale\u017cy jednak zrezygnowa\u0107 z\u00a0k\u0105pieli, poniewa\u017c urz\u0105dzenie nie jest wodoodporne. Konieczne jest zachowanie ostro\u017cno\u015bci podczas ubierania, aby nie dosz\u0142o do przypadkowego odpi\u0119cia elektrod i\u00a0przerwania zapisu. <br>* Staraj si\u0119 nie korzysta\u0107 z telefonu kom\u00f3rkowego (jego pole magnetyczne mo\u017ce zak\u0142\u00f3ci\u0107 zapis wynik\u00f3w w urz\u0105dzeniu, zw\u0142aszcza w rejestratorach cyfrowych). Je\u015bli musisz u\u017cy\u0107 telefonu, trzymaj go jak najdalej od rejestratora EKG. <br>* W trakcie trwania badania warto odnotowywa\u0107 godziny, w trakcie kt\u00f3rych odczuwa si\u0119 dolegliwo\u015bci, takie jak zawroty g\u0142owy, ko\u0142atanie serca, wzrost ci\u015bnienia czy b\u00f3l w<br>klatce piersiowej. Pozwoli to powi\u0105za\u0107 dane zdarzenia z czynno\u015bci\u0105 serca w danym momencie.<br>Holter EKG zak\u0142adany jest na ca\u0142\u0105 dob\u0119, zatem monitoruje on r\u00f3wnie\u017c prac\u0119 serca podczas snu. * * Gdy urz\u0105dzenie jest pod\u0142\u0105czone, nie zaleca si\u0119 spania na brzuchu.<\/p>\n","protected":false},"excerpt":{"rendered":"<p>Badanie elektrycznej czynno\u015bci serca, czyli tzw. elektrokardiografia (EKG), to jedno z podstawowych bada\u0144 diagnostycznych, stosowanych w kardiologii. Zleca si\u0119 go zar\u00f3wno profilaktycznie, jak i w przypadku podejrzenia problem\u00f3w kardiologicznych. Badanie przeprowadzane jest przez minimum 24 godziny, a w niekt\u00f3rych przypadkach nawet przez kilka dni. Dzi\u0119ki ci\u0105g\u0142emu zapisowi pracy serca mo\u017cliwa [&hellip;]<\/p>\n","protected":false},"author":1,"featured_media":561,"parent":0,"menu_order":0,"comment_status":"closed","ping_status":"closed","template":"","meta":{"footnotes":""},"class_list":["post-564","page","type-page","status-publish","has-post-thumbnail","hentry"],"_links":{"self":[{"href":"https:\/\/pionki.info.pl\/index.php?rest_route=\/wp\/v2\/pages\/564","targetHints":{"allow":["GET"]}}],"collection":[{"href":"https:\/\/pionki.info.pl\/index.php?rest_route=\/wp\/v2\/pages"}],"about":[{"href":"https:\/\/pionki.info.pl\/index.php?rest_route=\/wp\/v2\/types\/page"}],"author":[{"embeddable":true,"href":"https:\/\/pionki.info.pl\/index.php?rest_route=\/wp\/v2\/users\/1"}],"replies":[{"embeddable":true,"href":"https:\/\/pionki.info.pl\/index.php?rest_route=%2Fwp%2Fv2%2Fcomments&post=564"}],"version-history":[{"count":5,"href":"https:\/\/pionki.info.pl\/index.php?rest_route=\/wp\/v2\/pages\/564\/revisions"}],"predecessor-version":[{"id":820,"href":"https:\/\/pionki.info.pl\/index.php?rest_route=\/wp\/v2\/pages\/564\/revisions\/820"}],"wp:featuredmedia":[{"embeddable":true,"href":"https:\/\/pionki.info.pl\/index.php?rest_route=\/wp\/v2\/media\/561"}],"wp:attachment":[{"href":"https:\/\/pionki.info.pl\/index.php?rest_route=%2Fwp%2Fv2%2Fmedia&parent=564"}],"curies":[{"name":"wp","href":"https:\/\/api.w.org\/{rel}","templated":true}]}}