{"id":549,"date":"2024-06-29T22:47:10","date_gmt":"2024-06-29T20:47:10","guid":{"rendered":"http:\/\/pionki.info.pl\/?page_id=549"},"modified":"2024-07-03T11:42:23","modified_gmt":"2024-07-03T09:42:23","slug":"spirometria-czym-jest-wskazania-przygotowanie-do-badania","status":"publish","type":"page","link":"https:\/\/pionki.info.pl\/?page_id=549","title":{"rendered":"Spirometria-czym jest ,wskazania, przygotowanie do badania."},"content":{"rendered":"\n<p class=\"has-black-color has-text-color has-link-color wp-elements-d9b1135050e63f27578c445e1c66316c\">Spirometria jest najwa\u017cniejszym z\u00a0bada\u0144 czynno\u015bciowych uk\u0142adu oddechowego, czyli bada\u0144, kt\u00f3re pozwalaj\u0105 na obiektywn\u0105 ocen\u0119 czynno\u015bci p\u0142uc. Wykonanie badania spirometrycznego jest<br>nieod\u0142\u0105cznym elementem diagnostyki i\u00a0oceny przebiegu przewlek\u0142ych chor\u00f3b uk\u0142adu oddechowego, takich jak astma i\u00a0POChP (przewlek\u0142a obturacyjna choroba p\u0142uc). Podczas spirometrii ocenia si\u0119 obj\u0119to\u015b\u0107 powietrza wydychanego z\u00a0p\u0142uc i\u00a0wdychanego do p\u0142uc. Badanie polega na oddychaniu przez ustnik aparatu. Wykonuje si\u0119 zwykle tzw. spirometri\u0119 podstawow\u0105, a\u00a0cz\u0119sto r\u00f3wnie\u017c spirometri\u0119 po inhalacji leku rozkurczaj\u0105cego oskrzela (okre\u015blan\u0105 jako \u201epr\u00f3ba rozkurczowa\u201d).<br><strong>Test spirometryczny wykonuje si\u0119 u\u00a0pacjent\u00f3w, u\u00a0kt\u00f3rych:<\/strong><br>* podejrzewa si\u0119 lub stwierdzono\u00a0astm\u0119 oskrzelow\u0105,<br>* diagnozuje si\u0119\u00a0przewlek\u0142\u0105 obturacyjn\u0105 chorob\u0119 p\u0142uc (POChP),<br>* wyst\u0119puj\u0105 duszno\u015bci, \u015bwiszcz\u0105cy oddech,\u00a0<br>* wyst\u0119puj\u0105 cechy rozedmy.<br>Badanie mo\u017ce by\u0107 r\u00f3wnie\u017c zlecone pacjentowi:<br>* \u00a0kt\u00f3remu dokucza przewlek\u0142y\u00a0kaszel\u00a0z\u00a0du\u017c\u0105 ilo\u015bci\u0105 wydzieliny,<br>* z powracaj\u0105cymi infekcjami.<br><strong>Przygotowanie do badania:<\/strong><br>* nie nale\u017cy pali\u0107 papieros\u00f3w, e-papieros\u00f3w przez minimum 2 godziny przed badaniem,<br>* unika\u0107 spo\u017cywania napoj\u00f3w gazowanych i obfitych posi\u0142k\u00f3w na co najmniej 2 godziny przed<br>badaniem,<br>* zaleca si\u0119 powstrzymanie si\u0119 od picia mocnej herbaty, kawy przynajmniej na 4 godziny przed badaniem,<br>* wskazane jest lu\u017ane ubranie pozwalaj\u0105ce na swobodne ruchy klatki piersiowej,<br>* nale\u017cy koniecznie poinformowa\u0107 personel o przyjmowanych lekach wziewnych.<\/p>\n\n\n\n<p class=\"has-black-color has-text-color has-link-color wp-elements-594e990064bc860958dba4b0ab366bf2\">Bardzo wa\u017cne, aby w czasie badania spirometrycznego zachowa\u0107 maksymalne skupienie i uwa\u017cnie s\u0142ucha\u0107 polece\u0144 piel\u0119gniarki prowadz\u0105cej badanie.<\/p>\n","protected":false},"excerpt":{"rendered":"<p>Spirometria jest najwa\u017cniejszym z\u00a0bada\u0144 czynno\u015bciowych uk\u0142adu oddechowego, czyli bada\u0144, kt\u00f3re pozwalaj\u0105 na obiektywn\u0105 ocen\u0119 czynno\u015bci p\u0142uc. Wykonanie badania spirometrycznego jestnieod\u0142\u0105cznym elementem diagnostyki i\u00a0oceny przebiegu przewlek\u0142ych chor\u00f3b uk\u0142adu oddechowego, takich jak astma i\u00a0POChP (przewlek\u0142a obturacyjna choroba p\u0142uc). Podczas spirometrii ocenia si\u0119 obj\u0119to\u015b\u0107 powietrza wydychanego z\u00a0p\u0142uc i\u00a0wdychanego do p\u0142uc. Badanie polega na [&hellip;]<\/p>\n","protected":false},"author":1,"featured_media":592,"parent":0,"menu_order":0,"comment_status":"closed","ping_status":"closed","template":"","meta":{"footnotes":""},"class_list":["post-549","page","type-page","status-publish","has-post-thumbnail","hentry"],"_links":{"self":[{"href":"https:\/\/pionki.info.pl\/index.php?rest_route=\/wp\/v2\/pages\/549","targetHints":{"allow":["GET"]}}],"collection":[{"href":"https:\/\/pionki.info.pl\/index.php?rest_route=\/wp\/v2\/pages"}],"about":[{"href":"https:\/\/pionki.info.pl\/index.php?rest_route=\/wp\/v2\/types\/page"}],"author":[{"embeddable":true,"href":"https:\/\/pionki.info.pl\/index.php?rest_route=\/wp\/v2\/users\/1"}],"replies":[{"embeddable":true,"href":"https:\/\/pionki.info.pl\/index.php?rest_route=%2Fwp%2Fv2%2Fcomments&post=549"}],"version-history":[{"count":4,"href":"https:\/\/pionki.info.pl\/index.php?rest_route=\/wp\/v2\/pages\/549\/revisions"}],"predecessor-version":[{"id":624,"href":"https:\/\/pionki.info.pl\/index.php?rest_route=\/wp\/v2\/pages\/549\/revisions\/624"}],"wp:featuredmedia":[{"embeddable":true,"href":"https:\/\/pionki.info.pl\/index.php?rest_route=\/wp\/v2\/media\/592"}],"wp:attachment":[{"href":"https:\/\/pionki.info.pl\/index.php?rest_route=%2Fwp%2Fv2%2Fmedia&parent=549"}],"curies":[{"name":"wp","href":"https:\/\/api.w.org\/{rel}","templated":true}]}}