{"id":548,"date":"2024-06-29T22:47:10","date_gmt":"2024-06-29T20:47:10","guid":{"rendered":"http:\/\/pionki.info.pl\/?page_id=548"},"modified":"2024-07-03T11:38:37","modified_gmt":"2024-07-03T09:38:37","slug":"ekg-proba-wysilkowa-czym-jest-wskazania-przygotowanie-do-badania","status":"publish","type":"page","link":"https:\/\/pionki.info.pl\/?page_id=548","title":{"rendered":"EKG pr\u00f3ba wysi\u0142kowa- czym jest ,wskazania, przygotowanie do badania."},"content":{"rendered":"\n<p class=\"has-black-color has-text-color has-link-color wp-elements-01d291f7692188f637f27ff548714b96\">Pr\u00f3ba wysi\u0142kowa to badanie, kt\u00f3re ocenia prac\u0119 serca podczas wysi\u0142ku fizycznego. Diagnostyka<br>opiera si\u0119 na analizie krzywych EKG rejestrowanych w czasie rzeczywistym, regularnym pomiarze<br>ci\u015bnienia t\u0119tniczego krwi oraz obserwacji t\u0119tna.<\/p>\n\n\n\n<p class=\"has-black-color has-text-color has-link-color wp-elements-ef9d213c90763fb4f36e969e484d4561\"><strong>Test wysi\u0142kowy pozwala na:<\/strong><\/p>\n\n\n\n<p class=\"has-black-color has-text-color has-link-color wp-elements-a8025f28d0b38a98e967ed737d8d28a7\">* potwierdzenie podejrzenia choroby niedokrwiennej serca u os\u00f3b z b\u00f3lami w klatce piersiowej<br>i prawid\u0142owym spoczynkowym zapisem EKG,\u00a0<br>* wykrycie bezobjawowej choroby niedokrwiennej serca u os\u00f3b o wysokim ryzyku zachorowania,\u00a0<br>* ocen\u0119 tolerancji wysi\u0142ku i rokowania po zawale serca,\u00a0<br>* ocen\u0119 zaawansowania choroby wie\u0144cowej,\u00a0,\u00a0<br>* ocen\u0119 wydolno\u015bci serca i tolerancji wysi\u0142ku u os\u00f3b przewlekle chorych,\u00a0<br>* ocen\u0119 skuteczno\u015bci leczenia choroby niedokrwiennej serca,\u00a0<br>* diagnostyk\u0119 omdle\u0144 i zas\u0142abni\u0119\u0107.\u00a0<br>Do klatki piersiowej i\u00a0tu\u0142owia pacjenta przyklejane s\u0105 elektrody, a\u00a0nast\u0119pnie badany chodzi<br>na ruchomej bie\u017cni. Aparat EKG monitoruje i\u00a0zapisuje prac\u0119 serca.<\/p>\n\n\n\n<p class=\"has-black-color has-text-color has-link-color wp-elements-39db71c0d444bfe2c6512faf59cf05bc\"><strong>Jak si\u0119 przygotowa\u0107 do pr\u00f3by wysi\u0142kowej?&nbsp;<\/strong><br><strong>Przed pr\u00f3b\u0105 wysi\u0142kow\u0105 zastosuj si\u0119 do poni\u017cszych wskaz\u00f3wek:&nbsp;<\/strong><br>* przyjmij sta\u0142e leki zgodnie z zaleceniami lekarza,&nbsp;<br>* tu\u017c przed badaniem nie pij mocnej kawy, herbaty ani napoj\u00f3w wp\u0142ywaj\u0105cych na prac\u0119 serca,<\/p>\n\n\n\n<p class=\"has-black-color has-text-color has-link-color wp-elements-58a163148802dbd67df7496fa8fba539\">* nie pal r\u00f3wnie\u017c papieros\u00f3w,&nbsp;&nbsp;<br>* zjedz posi\u0142ki o sta\u0142ych porach dnia (nie przychod\u017a na czczo ani tu\u017c po obfitym daniu). Je\u015bli<br>chorujesz na cukrzyc\u0119, we\u017a ze sob\u0105 przek\u0105sk\u0119 na wypadek spadku cukru po wysi\u0142ku,&nbsp;<br>* za\u0142\u00f3\u017c wygodne, niekr\u0119puj\u0105ce ruch\u00f3w ubranie i sportowe buty. Kobiety mog\u0105 mie\u0107 na sobie<br>sportowy biustonosz. Badanie przeprowadza si\u0119 bez koszulki, poniewa\u017c lekarz musi<br>pod\u0142\u0105czy\u0107 na klatce piersiowej elektrody. Z tego wzgl\u0119du m\u0119\u017cczy\u017ani powinni, w miar\u0119<br>mo\u017cliwo\u015bci, usun\u0105\u0107 ow\u0142osienie na klatce piersiowej,<br>* zdejmij z szyi \u0142a\u0144cuszki i kr\u0119puj\u0105c\u0105 ruchy bi\u017cuteri\u0119, kt\u00f3ra mog\u0142aby dotyka\u0107 elektrod EKG. Je\u015bli<br>masz d\u0142ugie w\u0142osy, zwi\u0105\u017c je przed badaniem,&nbsp;<br>* Przed wej\u015bciem do gabinetu odpocznij ok. 15-20 min, aby uspokoi\u0107 prac\u0119 serca,&nbsp;<br>* Nie r\u00f3b badania w trakcie infekcji.<\/p>\n","protected":false},"excerpt":{"rendered":"<p>Pr\u00f3ba wysi\u0142kowa to badanie, kt\u00f3re ocenia prac\u0119 serca podczas wysi\u0142ku fizycznego. Diagnostykaopiera si\u0119 na analizie krzywych EKG rejestrowanych w czasie rzeczywistym, regularnym pomiarzeci\u015bnienia t\u0119tniczego krwi oraz obserwacji t\u0119tna. Test wysi\u0142kowy pozwala na: * potwierdzenie podejrzenia choroby niedokrwiennej serca u os\u00f3b z b\u00f3lami w klatce piersioweji prawid\u0142owym spoczynkowym zapisem EKG,\u00a0* wykrycie [&hellip;]<\/p>\n","protected":false},"author":1,"featured_media":586,"parent":0,"menu_order":0,"comment_status":"closed","ping_status":"closed","template":"","meta":{"footnotes":""},"class_list":["post-548","page","type-page","status-publish","has-post-thumbnail","hentry"],"_links":{"self":[{"href":"https:\/\/pionki.info.pl\/index.php?rest_route=\/wp\/v2\/pages\/548","targetHints":{"allow":["GET"]}}],"collection":[{"href":"https:\/\/pionki.info.pl\/index.php?rest_route=\/wp\/v2\/pages"}],"about":[{"href":"https:\/\/pionki.info.pl\/index.php?rest_route=\/wp\/v2\/types\/page"}],"author":[{"embeddable":true,"href":"https:\/\/pionki.info.pl\/index.php?rest_route=\/wp\/v2\/users\/1"}],"replies":[{"embeddable":true,"href":"https:\/\/pionki.info.pl\/index.php?rest_route=%2Fwp%2Fv2%2Fcomments&post=548"}],"version-history":[{"count":3,"href":"https:\/\/pionki.info.pl\/index.php?rest_route=\/wp\/v2\/pages\/548\/revisions"}],"predecessor-version":[{"id":619,"href":"https:\/\/pionki.info.pl\/index.php?rest_route=\/wp\/v2\/pages\/548\/revisions\/619"}],"wp:featuredmedia":[{"embeddable":true,"href":"https:\/\/pionki.info.pl\/index.php?rest_route=\/wp\/v2\/media\/586"}],"wp:attachment":[{"href":"https:\/\/pionki.info.pl\/index.php?rest_route=%2Fwp%2Fv2%2Fmedia&parent=548"}],"curies":[{"name":"wp","href":"https:\/\/api.w.org\/{rel}","templated":true}]}}