{"id":547,"date":"2024-06-29T22:47:10","date_gmt":"2024-06-29T20:47:10","guid":{"rendered":"http:\/\/pionki.info.pl\/?page_id=547"},"modified":"2024-07-03T11:37:58","modified_gmt":"2024-07-03T09:37:58","slug":"echo-serca-czym-jest-wskazania-przygotowanie-do-badania","status":"publish","type":"page","link":"https:\/\/pionki.info.pl\/?page_id=547","title":{"rendered":"Echo serca-czym jest ,wskazania, przygotowanie do badania."},"content":{"rendered":"\n<p class=\"has-black-color has-text-color has-link-color wp-elements-ca913d1cdaea653f37ca7be0c55cb98d\">Echokardiogram serca (echo serca, USG serca,) to badanie, podczas kt\u00f3rego lekarz mo\u017ce obejrze\u0107 struktury serca oraz oceni\u0107 przep\u0142yw krwi w\u00a0sercu i\u00a0du\u017cych naczyniach. Echo serca jest badaniem nieinwazyjnym, bezpiecznym i\u00a0nie ma do niego przeciwwskaza\u0144, mo\u017ce by\u0107 wykonywane wielokrotnie.<\/p>\n\n\n\n<p class=\"has-black-color has-text-color has-link-color wp-elements-19c447e2b12af9d63ddeca7b756e28cc\"><strong>Badanie echa serca umo\u017cliwia wykrycie:<\/strong><br>* niewydolno\u015bci serca \u2013 czyli sytuacji, kiedy serce nie jest w stanie pompowa\u0107 wystarczaj\u0105cej<br>ilo\u015bci krwi,<br>* wrodzonych chor\u00f3b serca,<br>* uszkodze\u0144 powsta\u0142ych wskutek zawa\u0142u mi\u0119\u015bnia sercowego,<br>* nieprawid\u0142owo\u015bci w budowie i funkcjonowaniu zastawek serca,<br>* zapalenia wsierdzia,&nbsp;<br>W Przychodni \u201eZDROWIE\u201d wykonujemy Echo serca przez&nbsp;przez klatk\u0119 piersiow\u0105, kt\u00f3re nie<br>wymaga od Pacjenta \u017cadnego specjalnego przygotowania.<\/p>\n","protected":false},"excerpt":{"rendered":"<p>Echokardiogram serca (echo serca, USG serca,) to badanie, podczas kt\u00f3rego lekarz mo\u017ce obejrze\u0107 struktury serca oraz oceni\u0107 przep\u0142yw krwi w\u00a0sercu i\u00a0du\u017cych naczyniach. Echo serca jest badaniem nieinwazyjnym, bezpiecznym i\u00a0nie ma do niego przeciwwskaza\u0144, mo\u017ce by\u0107 wykonywane wielokrotnie. Badanie echa serca umo\u017cliwia wykrycie:* niewydolno\u015bci serca \u2013 czyli sytuacji, kiedy serce nie [&hellip;]<\/p>\n","protected":false},"author":1,"featured_media":580,"parent":0,"menu_order":0,"comment_status":"closed","ping_status":"closed","template":"","meta":{"footnotes":""},"class_list":["post-547","page","type-page","status-publish","has-post-thumbnail","hentry"],"_links":{"self":[{"href":"https:\/\/pionki.info.pl\/index.php?rest_route=\/wp\/v2\/pages\/547","targetHints":{"allow":["GET"]}}],"collection":[{"href":"https:\/\/pionki.info.pl\/index.php?rest_route=\/wp\/v2\/pages"}],"about":[{"href":"https:\/\/pionki.info.pl\/index.php?rest_route=\/wp\/v2\/types\/page"}],"author":[{"embeddable":true,"href":"https:\/\/pionki.info.pl\/index.php?rest_route=\/wp\/v2\/users\/1"}],"replies":[{"embeddable":true,"href":"https:\/\/pionki.info.pl\/index.php?rest_route=%2Fwp%2Fv2%2Fcomments&post=547"}],"version-history":[{"count":3,"href":"https:\/\/pionki.info.pl\/index.php?rest_route=\/wp\/v2\/pages\/547\/revisions"}],"predecessor-version":[{"id":595,"href":"https:\/\/pionki.info.pl\/index.php?rest_route=\/wp\/v2\/pages\/547\/revisions\/595"}],"wp:featuredmedia":[{"embeddable":true,"href":"https:\/\/pionki.info.pl\/index.php?rest_route=\/wp\/v2\/media\/580"}],"wp:attachment":[{"href":"https:\/\/pionki.info.pl\/index.php?rest_route=%2Fwp%2Fv2%2Fmedia&parent=547"}],"curies":[{"name":"wp","href":"https:\/\/api.w.org\/{rel}","templated":true}]}}