{"id":545,"date":"2024-06-29T22:47:10","date_gmt":"2024-06-29T20:47:10","guid":{"rendered":"http:\/\/pionki.info.pl\/?page_id=545"},"modified":"2024-07-03T12:24:41","modified_gmt":"2024-07-03T10:24:41","slug":"holter-rrcisnieniowy-czym-jest-wskazania-przygotowanie-do-badania","status":"publish","type":"page","link":"https:\/\/pionki.info.pl\/?page_id=545","title":{"rendered":"Holter RR(ci\u015bnieniowy)-czym jest ,wskazania, przygotowanie do badania."},"content":{"rendered":"\n<p class=\"has-black-color has-text-color has-link-color wp-elements-9cc92c974b002fbe9d847e149834b7ce\">Badanie holterem ci\u015bnieniowym pozwala na dok\u0142adniejszy obraz pracy naszego serca.<br>Urz\u0105dzenie przez 24 lub 48 godzin monitoruje warto\u015bci ci\u015bnienia skurczowego i rozkurczowego oraz t\u0119tna. Dzi\u0119ki temu \u0142atwiej uzyska\u0107 informacje o tym, jak zachowuje si\u0119 serce podczas wykonywania codziennych obowi\u0105zk\u00f3w, w czasie snu czy pod wp\u0142ywem sytuacji stresowych.<br><strong>Lekarze korzystaj\u0105 z tej metody pomiaru ci\u015bnienia z wielu powod\u00f3w, na przyk\u0142ad aby:<\/strong><br>* potwierd\u017a rozpoznanie\u00a0nadci\u015bnienia t\u0119tniczego, niedoci\u015bnienia t\u0119tniczego krwi,<br>* okre\u015bli\u0107 zmiany ci\u015bnienia krwi podczas codziennych czynno\u015bci oraz w trakcie snu,<br>* sprawdzi\u0107, czy zalecone leki skutecznie obni\u017caj\u0105 ci\u015bnienie krwi przez ca\u0142y dzie\u0144,<br>* wykry\u0107 nag\u0142e zmiany ci\u015bnienia, kt\u00f3re s\u0105 przyczyn\u0105 odczuwanych przez pacjenta dolegliwo\u015bci,<br>* zweryfikowa\u0107, czy wzrost ci\u015bnienia krwi w gabinecie lekarza nie wynika z efektu bia\u0142ego fartucha.<br>Pomiar ci\u015bnienia t\u0119tniczego krwi podczas codziennej aktywno\u015bci jest bardziej wiarygodny ni\u017c<br>sporadyczne pomiary ci\u015bnienia w domu czy podczas wizyty lekarskiej. Holtera RR nie nale\u017cy<br>myli\u0107 z holterem EKG, kt\u00f3ry s\u0142u\u017cy do diagnostyki\u00a0zaburze\u0144 rytmu serca.<br><strong>Jak przygotowa\u0107 si\u0119 do badania? Zalecenia:<\/strong><br>Za\u0142o\u017cenie holtera RR jest ca\u0142kowicie bezbolesne i odbywa si\u0119 plac\u00f3wkach Przychodni<br>\u201eZDROWIE\u201d. Przygotowanie do za\u0142o\u017cenia holtera RR nie jest skomplikowane. Urz\u0105dzenie<br>mo\u017cna za\u0142o\u017cy\u0107 o dowolnej porze dnia. Warto w\u0142o\u017cy\u0107 lu\u017aniejsze ubrania, w szczeg\u00f3lno\u015bci g\u00f3rn\u0105<br>cz\u0119\u015b\u0107 garderoby. Mo\u017ce to by\u0107 koszulka z szerokimi r\u0119kawami, a w ch\u0142odniejszych miesi\u0105cach<br>sweter lub bluza na zamek. Nie nale\u017cy nak\u0142ada\u0107 \u017cadnych krem\u00f3w czy balsam\u00f3w na miejsce, na<br>kt\u00f3rym b\u0119dzie mankiet. Sk\u00f3ra powinna by\u0107 sucha i czysta. Mankietu nie powinno si\u0119 nak\u0142ada\u0107<br>na uszkodzon\u0105 sk\u00f3r\u0119.<br>Podczas snu nale\u017cy natomiast przyj\u0105\u0107 odpowiedni\u0105, ale wygodn\u0105 pozycj\u0119. Nie powinno si\u0119<br>spa\u0107 na mankiecie ani na urz\u0105dzeniu, dlatego warto spa\u0107 na plecach. R\u0119ka z mankietem<br>powinna le\u017ce\u0107 wzd\u0142u\u017c cia\u0142a.<\/p>\n","protected":false},"excerpt":{"rendered":"<p>Badanie holterem ci\u015bnieniowym pozwala na dok\u0142adniejszy obraz pracy naszego serca.Urz\u0105dzenie przez 24 lub 48 godzin monitoruje warto\u015bci ci\u015bnienia skurczowego i rozkurczowego oraz t\u0119tna. Dzi\u0119ki temu \u0142atwiej uzyska\u0107 informacje o tym, jak zachowuje si\u0119 serce podczas wykonywania codziennych obowi\u0105zk\u00f3w, w czasie snu czy pod wp\u0142ywem sytuacji stresowych.Lekarze korzystaj\u0105 z tej metody [&hellip;]<\/p>\n","protected":false},"author":1,"featured_media":574,"parent":0,"menu_order":0,"comment_status":"closed","ping_status":"closed","template":"","meta":{"footnotes":""},"class_list":["post-545","page","type-page","status-publish","has-post-thumbnail","hentry"],"_links":{"self":[{"href":"https:\/\/pionki.info.pl\/index.php?rest_route=\/wp\/v2\/pages\/545","targetHints":{"allow":["GET"]}}],"collection":[{"href":"https:\/\/pionki.info.pl\/index.php?rest_route=\/wp\/v2\/pages"}],"about":[{"href":"https:\/\/pionki.info.pl\/index.php?rest_route=\/wp\/v2\/types\/page"}],"author":[{"embeddable":true,"href":"https:\/\/pionki.info.pl\/index.php?rest_route=\/wp\/v2\/users\/1"}],"replies":[{"embeddable":true,"href":"https:\/\/pionki.info.pl\/index.php?rest_route=%2Fwp%2Fv2%2Fcomments&post=545"}],"version-history":[{"count":4,"href":"https:\/\/pionki.info.pl\/index.php?rest_route=\/wp\/v2\/pages\/545\/revisions"}],"predecessor-version":[{"id":634,"href":"https:\/\/pionki.info.pl\/index.php?rest_route=\/wp\/v2\/pages\/545\/revisions\/634"}],"wp:featuredmedia":[{"embeddable":true,"href":"https:\/\/pionki.info.pl\/index.php?rest_route=\/wp\/v2\/media\/574"}],"wp:attachment":[{"href":"https:\/\/pionki.info.pl\/index.php?rest_route=%2Fwp%2Fv2%2Fmedia&parent=545"}],"curies":[{"name":"wp","href":"https:\/\/api.w.org\/{rel}","templated":true}]}}