{"id":53,"date":"2024-04-26T21:19:06","date_gmt":"2024-04-26T19:19:06","guid":{"rendered":"http:\/\/pionki.info.pl\/?page_id=53"},"modified":"2024-07-07T20:56:06","modified_gmt":"2024-07-07T18:56:06","slug":"poz","status":"publish","type":"page","link":"https:\/\/pionki.info.pl\/?page_id=53","title":{"rendered":"Podstawowa Opieka Zdrowotna"},"content":{"rendered":"\n<p class=\"has-black-color has-text-color has-link-color wp-elements-5a97f8d065de356f02814b7b58b3e913\" style=\"font-size:18px\"><strong>Podstawowa Opieka Zdrowotna<\/strong> w Przychodniach \u201eZDROWIE\u201d, jako cz\u0119\u015b\u0107 systemu ochrony zdrowia, zapewnia zdrowym i chorym \u015bwiadczenia w plac\u00f3wce usytuowanej najbli\u017cej miejsca zamieszkania pacjenta. \u015awiadczenia w POZ ukierunkowane s\u0105 na promocj\u0119 i profilaktyk\u0119 zdrowotn\u0105, diagnostyk\u0119 schorze\u0144, leczenie, zapobieganie lub ograniczanie niepe\u0142nosprawno\u015bci, usprawnianie oraz piel\u0119gnacj\u0119 i edukacj\u0119 zdrowotn\u0105.<br><br><strong>Co zyskujesz, b\u0119d\u0105c z&nbsp;nami?<\/strong><br>W naszych Przychodniach W ramach POZ zapewniamy Tobie i&nbsp;Twoim najbli\u017cszym&nbsp;opiek\u0119<br>lekarza rodzinnego, piel\u0119gniarki i&nbsp;po\u0142o\u017cnej&nbsp;i&nbsp;znacznie wi\u0119cej- <strong><a href=\"http:\/\/pionki.info.pl\/?page_id=82\" data-type=\"link\" data-id=\"http:\/\/pionki.info.pl\/?page_id=82\">opiek\u0119 koordynowan\u0105<\/a> &#8211; wy\u017cszy standard POZ.<\/strong><\/p>\n","protected":false},"excerpt":{"rendered":"<p>Podstawowa Opieka Zdrowotna w Przychodniach \u201eZDROWIE\u201d, jako cz\u0119\u015b\u0107 systemu ochrony zdrowia, zapewnia zdrowym i chorym \u015bwiadczenia w plac\u00f3wce usytuowanej najbli\u017cej miejsca zamieszkania pacjenta. \u015awiadczenia w POZ ukierunkowane s\u0105 na promocj\u0119 i profilaktyk\u0119 zdrowotn\u0105, diagnostyk\u0119 schorze\u0144, leczenie, zapobieganie lub ograniczanie niepe\u0142nosprawno\u015bci, usprawnianie oraz piel\u0119gnacj\u0119 i edukacj\u0119 zdrowotn\u0105. Co zyskujesz, b\u0119d\u0105c z&nbsp;nami?W [&hellip;]<\/p>\n","protected":false},"author":1,"featured_media":132,"parent":0,"menu_order":0,"comment_status":"closed","ping_status":"closed","template":"","meta":{"footnotes":""},"class_list":["post-53","page","type-page","status-publish","has-post-thumbnail","hentry"],"_links":{"self":[{"href":"https:\/\/pionki.info.pl\/index.php?rest_route=\/wp\/v2\/pages\/53","targetHints":{"allow":["GET"]}}],"collection":[{"href":"https:\/\/pionki.info.pl\/index.php?rest_route=\/wp\/v2\/pages"}],"about":[{"href":"https:\/\/pionki.info.pl\/index.php?rest_route=\/wp\/v2\/types\/page"}],"author":[{"embeddable":true,"href":"https:\/\/pionki.info.pl\/index.php?rest_route=\/wp\/v2\/users\/1"}],"replies":[{"embeddable":true,"href":"https:\/\/pionki.info.pl\/index.php?rest_route=%2Fwp%2Fv2%2Fcomments&post=53"}],"version-history":[{"count":7,"href":"https:\/\/pionki.info.pl\/index.php?rest_route=\/wp\/v2\/pages\/53\/revisions"}],"predecessor-version":[{"id":687,"href":"https:\/\/pionki.info.pl\/index.php?rest_route=\/wp\/v2\/pages\/53\/revisions\/687"}],"wp:featuredmedia":[{"embeddable":true,"href":"https:\/\/pionki.info.pl\/index.php?rest_route=\/wp\/v2\/media\/132"}],"wp:attachment":[{"href":"https:\/\/pionki.info.pl\/index.php?rest_route=%2Fwp%2Fv2%2Fmedia&parent=53"}],"curies":[{"name":"wp","href":"https:\/\/api.w.org\/{rel}","templated":true}]}}