{"id":429,"date":"2024-06-25T11:48:58","date_gmt":"2024-06-25T09:48:58","guid":{"rendered":"http:\/\/pionki.info.pl\/?page_id=429"},"modified":"2025-07-08T00:12:02","modified_gmt":"2025-07-07T22:12:02","slug":"profilaktyka-40","status":"publish","type":"page","link":"https:\/\/pionki.info.pl\/?page_id=429","title":{"rendered":"Program \u201eMoje Zdrowie\u201d"},"content":{"rendered":"\n<p class=\"has-black-color has-text-color has-link-color wp-elements-450accd79be222cfdc96464dcfa8d6ba\"><strong>Moje Zdrowie &#8211; Bilans Zdrowia Osoby Doros\u0142ej<\/strong>\u00a0&#8211; to kompleksowy program profilaktyczny skierowany do wszystkich os\u00f3b powy\u017cej 20 roku \u017cycia.<\/p>\n\n\n\n<p class=\"has-black-color has-text-color has-link-color wp-elements-af7c4d2f0b30229ce3a485fbb0dde522\">Moje Zdrowie umo\u017cliwi\u00a0<strong>wczesne wykrycie<\/strong>\u00a0problem\u00f3w zdrowotnych \u00a0<strong>\u00a0<\/strong>zanim pojawi\u0105 si\u0119 powa\u017cne<strong>\u00a0<\/strong>objawy<strong>\u00a0<\/strong>\u2013 dotyczy to zw\u0142aszcza chor\u00f3b uk\u0142adu kr\u0105\u017cenia (np. nadci\u015bnienia, choroby niedokrwiennej serca), stan\u00f3w\u00a0przedcukrzycowych,\u00a0cukrzycy, chor\u00f3b\u00a0nerek, zaburze\u0144 funkcji\u00a0tarczycy, a tak\u017ce\u00a0nowotwor\u00f3w\u00a0(wybranych typ\u00f3w) oraz niekt\u00f3rych chor\u00f3b zaka\u017anych (np. wirusowego zapalenia w\u0105troby typu C). R\u00f3wnocze\u015bnie program k\u0142adzie nacisk na zdrowie psychiczne \u2013 ankieta zawiera pytania przesiewowe oceniaj\u0105ce samopoczucie, co mo\u017ce pom\u00f3c\u00a0w wykryciu\u00a0depresji lub zaburze\u0144 poznawczych\u00a0u os\u00f3b starszych.\u00a0<\/p>\n\n\n\n<p>Aby wzi\u0105\u0107 udzia\u0142 w programie wystarczy wype\u0142ni\u0107 ankiet\u0119 .<\/p>\n\n\n\n<p class=\"has-black-color has-text-color has-link-color wp-elements-5909ef83e30234c760c763cc1fccaa54\">Mo\u017cesz\u00a0to zrobi\u0107 \u00a0przez\u00a0Internetowe Konto Pacjenta\u00a0albo skorzysta\u0107 z aplikacji mobilnej\u00a0moje IKP<strong>.<\/strong>\u00a0Mo\u017cesz\u00a0r\u00f3wnie\u017c wype\u0142ni\u0107 w Przychodni ZDROWIE gdzie pomo\u017ce Tobie\u00a0pracownik medyczny. Na podstawie ankiety pracownik medyczny wystawi skierowanie na odpowiedni\u00a0<strong>zestaw bada\u0144 <\/strong><strong>diagnostycznych\u00a0<\/strong>i um\u00f3wi na wizyt\u0119 podsumowuj\u0105c\u0105 na kt\u00f3rej:<\/p>\n\n\n\n<p class=\"has-black-color has-text-color has-link-color wp-elements-9b94f698e58996910aebd1a9635c83be\">1.\u00a0Ocenimy stan twojego zdrowia na podstawie ankiet, bada\u0144 oraz analizy sk\u0142adu twojego cia\u0142a.<\/p>\n\n\n\n<p class=\"has-black-color has-text-color has-link-color wp-elements-37e8e2870986cb03ecb08744f10f3ecd\">2.\u00a0Zaproponujemy Indywidualny Plan Zdrowotny kt\u00f3ry b\u0119dzie zawiera\u0142 &#8211; tw\u00f3j kalendarz bada\u0144 profilaktycznych ,zalecanych szczepie\u0144 i porad edukacyjnych rekomendowanych dla Ciebie oraz\u00a0<strong>interwencje prozdrowotne<\/strong>\u00a0takie jak\u00a0np.<\/p>\n\n\n\n<p class=\"has-black-color has-text-color has-link-color wp-elements-9c46616f2159074f1b2476ef49859995\">\u2713\u00a0dla pacjent\u00f3w z zaburzeniami snu zaproponujemy i mo\u017cemy wykona\u0107 w domowe badanie snu (badanie poligraficzne);<\/p>\n\n\n\n<p class=\"has-black-color has-text-color has-link-color wp-elements-86d3c6cc26d7e3c17371c6461a202289\">\u2713&nbsp;dla pacjent\u00f3w z podejrzeniem nadci\u015bnienia t\u0119tniczego zaproponujemy i mo\u017cemy wykona\u0107 24 godzinne badanie ci\u015bnienia (Holter&nbsp;ci\u015bnienia);<\/p>\n\n\n\n<p class=\"has-black-color has-text-color has-link-color wp-elements-1a06d42b91d77db3854b40645d420b5d\">\u2713&nbsp;dla pacjent\u00f3w z zaburzeniami rytmu serca &nbsp;zaproponujemy i mo\u017cemy wykona\u0107 &nbsp;24 godzinne badanie EKG (HolterEKG);<\/p>\n\n\n\n<p class=\"has-black-color has-text-color has-link-color wp-elements-0cc4773770a27d335788cc121fa60b51\">\u2713&nbsp;dla pacjent\u00f3w pal\u0105cych, kaszl\u0105cych, z napadami duszno\u015bci zaproponujemy i mo\u017cemy&nbsp;wykona\u0107 badanie spirometryczne;<\/p>\n\n\n\n<p class=\"has-black-color has-text-color has-link-color wp-elements-db0e43460c16fe08c2f8a89f0e277067\">\u2713&nbsp;dla pacjent\u00f3w &nbsp;z podejrzeniem nowotwor\u00f3w przewodu pokarmowego zaproponujemy i mo\u017cemy wykona\u0107 &nbsp;test FIT-OC;<\/p>\n\n\n\n<p class=\"has-black-color has-text-color has-link-color wp-elements-6cd5ffbeecc1b055470299bd6e94d568\">\u2713&nbsp;dla kobiet badania cytologiczne z ocen\u0105 zaka\u017cenia wirusem HPV.<\/p>\n\n\n\n<p><strong>Pacjencie, nie<\/strong><strong>&nbsp;czekaj na objawy \u2013 sprawd\u017a swoje zdrowie w programie \u201eMoje Zdrowie\u201d<\/strong><\/p>\n\n\n\n<p class=\"has-black-color has-text-color has-link-color wp-elements-9ac00cf961d1ea846fe5a532228b76c6\"><\/p>\n","protected":false},"excerpt":{"rendered":"<p>Moje Zdrowie &#8211; Bilans Zdrowia Osoby Doros\u0142ej\u00a0&#8211; to kompleksowy program profilaktyczny skierowany do wszystkich os\u00f3b powy\u017cej 20 roku \u017cycia. Moje Zdrowie umo\u017cliwi\u00a0wczesne wykrycie\u00a0problem\u00f3w zdrowotnych \u00a0\u00a0zanim pojawi\u0105 si\u0119 powa\u017cne\u00a0objawy\u00a0\u2013 dotyczy to zw\u0142aszcza chor\u00f3b uk\u0142adu kr\u0105\u017cenia (np. nadci\u015bnienia, choroby niedokrwiennej serca), stan\u00f3w\u00a0przedcukrzycowych,\u00a0cukrzycy, chor\u00f3b\u00a0nerek, zaburze\u0144 funkcji\u00a0tarczycy, a tak\u017ce\u00a0nowotwor\u00f3w\u00a0(wybranych typ\u00f3w) oraz niekt\u00f3rych chor\u00f3b zaka\u017anych [&hellip;]<\/p>\n","protected":false},"author":1,"featured_media":829,"parent":0,"menu_order":0,"comment_status":"closed","ping_status":"closed","template":"","meta":{"footnotes":""},"class_list":["post-429","page","type-page","status-publish","has-post-thumbnail","hentry"],"_links":{"self":[{"href":"https:\/\/pionki.info.pl\/index.php?rest_route=\/wp\/v2\/pages\/429","targetHints":{"allow":["GET"]}}],"collection":[{"href":"https:\/\/pionki.info.pl\/index.php?rest_route=\/wp\/v2\/pages"}],"about":[{"href":"https:\/\/pionki.info.pl\/index.php?rest_route=\/wp\/v2\/types\/page"}],"author":[{"embeddable":true,"href":"https:\/\/pionki.info.pl\/index.php?rest_route=\/wp\/v2\/users\/1"}],"replies":[{"embeddable":true,"href":"https:\/\/pionki.info.pl\/index.php?rest_route=%2Fwp%2Fv2%2Fcomments&post=429"}],"version-history":[{"count":10,"href":"https:\/\/pionki.info.pl\/index.php?rest_route=\/wp\/v2\/pages\/429\/revisions"}],"predecessor-version":[{"id":841,"href":"https:\/\/pionki.info.pl\/index.php?rest_route=\/wp\/v2\/pages\/429\/revisions\/841"}],"wp:featuredmedia":[{"embeddable":true,"href":"https:\/\/pionki.info.pl\/index.php?rest_route=\/wp\/v2\/media\/829"}],"wp:attachment":[{"href":"https:\/\/pionki.info.pl\/index.php?rest_route=%2Fwp%2Fv2%2Fmedia&parent=429"}],"curies":[{"name":"wp","href":"https:\/\/api.w.org\/{rel}","templated":true}]}}