{"id":33,"date":"2024-04-26T21:12:38","date_gmt":"2024-04-26T19:12:38","guid":{"rendered":"http:\/\/pionki.info.pl\/?page_id=33"},"modified":"2025-01-16T13:56:56","modified_gmt":"2025-01-16T12:56:56","slug":"kontakt","status":"publish","type":"page","link":"https:\/\/pionki.info.pl\/?page_id=33","title":{"rendered":"Kontakt"},"content":{"rendered":"\n<p class=\"has-text-align-center has-black-color has-text-color has-link-color has-large-font-size wp-elements-dea1c64a27e922f594cbbcb1d67e4e1f\"><strong>Kontakt <\/strong><\/p>\n\n\n\n<div class=\"wp-block-columns container is-layout-flex wp-container-core-columns-is-layout-9d6595d7 wp-block-columns-is-layout-flex\">\n<div class=\"wp-block-column is-vertically-aligned-center is-layout-flow wp-block-column-is-layout-flow\">\n<div class=\"wp-block-columns is-layout-flex wp-container-core-columns-is-layout-9d6595d7 wp-block-columns-is-layout-flex\">\n<div class=\"wp-block-column is-layout-flow wp-block-column-is-layout-flow\"><\/div>\n\n\n\n<div class=\"wp-block-column is-layout-flow wp-block-column-is-layout-flow\" style=\"flex-basis:50%\">\n<h4 class=\"wp-block-heading has-text-align-left hestia-title has-text-color\" style=\"color:#3c4858;font-size:18px\"><img decoding=\"async\" class=\"wp-image-86\" style=\"width: 25px;\" src=\"http:\/\/pionki.info.pl\/wp-content\/themes\/hestia\/assets\/img\/contact1.png\" alt=\"Map icon\">  Adresy naszych plac\u00f3wek:<\/h4>\n\n\n\n<p class=\"has-text-align-left has-black-color has-text-color\" style=\"font-size:14px\"><strong>Oddzia\u0142 w Pionkach: ul. Legionist\u00f3w 38, 26-670 Pionki<\/strong><\/p>\n\n\n\n<p class=\"has-text-align-left has-black-color has-text-color\" style=\"font-size:14px\"><strong>Oddzia\u0142 w Czarnej: Czarna Wie\u015b 5, 26-670<\/strong><\/p>\n\n\n\n<p class=\"has-black-color has-text-color has-link-color wp-elements-727d77780d0ae1a0a0035221b6f088e6\" style=\"font-size:14px\"><strong>Oddzia\u0142 w Suskowoli: Suskowola 76, 26-670 <\/strong><\/p>\n\n\n\n<p class=\"has-black-color has-text-color has-link-color wp-elements-721a162a8b8fea239f62bd4baf5fb899\" style=\"font-size:14px\"><strong>Rehabilitacja \u201eAkademia Zdrowia\u201d:<\/strong> <strong>Pionki, ul. Aleje Lipowe 12, 26-670<\/strong><\/p>\n\n\n\n<div style=\"height:40px\" aria-hidden=\"true\" class=\"wp-block-spacer\"><\/div>\n\n\n\n<h4 class=\"wp-block-heading has-text-align-left hestia-title has-text-color\" style=\"color:#3c4858;font-size:18px\"><img decoding=\"async\" class=\"wp-image-98\" style=\"width: 25px;\" src=\"http:\/\/pionki.info.pl\/wp-content\/themes\/hestia\/assets\/img\/contact2.png\" alt=\"\">  <strong><strong>Kontakt telefoniczny:<\/strong><\/strong><\/h4>\n\n\n\n<p class=\"has-text-align-left has-black-color has-text-color\" style=\"font-size:14px\"><strong>Oddzia\u0142 w Pionkach:<br>48 612 07 74<br>Pon &#8211; Pt 8:00-18:00<\/strong><\/p>\n\n\n\n<p class=\"has-black-color has-text-color has-link-color wp-elements-00fe57eadf09c8c4a5a18a4bbbc64d67\" style=\"font-size:14px\"><strong>Oddzia\u0142 w Suskowoli:<br>513 757 373<br>Pon, Wt, \u015ar, Pt 8:00-15:00<\/strong> <strong>Czw 8:00-18:00<\/strong><\/p>\n\n\n\n<p class=\"has-black-color has-text-color has-link-color wp-elements-c84f6e2fbdf256a1d1ba74d4f04cc936\" style=\"font-size:14px\"><strong>Rehabilitacja \u201eAkademia Zdrowia\u201d<br>48 362 41 33<br><\/strong><\/p>\n<\/div>\n\n\n\n<div class=\"wp-block-column is-layout-flow wp-block-column-is-layout-flow\"><\/div>\n<\/div>\n<\/div>\n<\/div>\n\n\n\n<p><\/p>\n\n\n\n<p><\/p>\n","protected":false},"excerpt":{"rendered":"<p>Kontakt Adresy naszych plac\u00f3wek: Oddzia\u0142 w Pionkach: ul. Legionist\u00f3w 38, 26-670 Pionki Oddzia\u0142 w Czarnej: Czarna Wie\u015b 5, 26-670 Oddzia\u0142 w Suskowoli: Suskowola 76, 26-670 Rehabilitacja \u201eAkademia Zdrowia\u201d: Pionki, ul. Aleje Lipowe 12, 26-670 Kontakt telefoniczny: Oddzia\u0142 w Pionkach:48 612 07 74Pon &#8211; Pt 8:00-18:00 Oddzia\u0142 w Suskowoli:513 757 373Pon, [&hellip;]<\/p>\n","protected":false},"author":1,"featured_media":25,"parent":0,"menu_order":0,"comment_status":"closed","ping_status":"closed","template":"page-templates\/template-pagebuilder-full-width.php","meta":{"footnotes":""},"class_list":["post-33","page","type-page","status-publish","has-post-thumbnail","hentry"],"_links":{"self":[{"href":"https:\/\/pionki.info.pl\/index.php?rest_route=\/wp\/v2\/pages\/33","targetHints":{"allow":["GET"]}}],"collection":[{"href":"https:\/\/pionki.info.pl\/index.php?rest_route=\/wp\/v2\/pages"}],"about":[{"href":"https:\/\/pionki.info.pl\/index.php?rest_route=\/wp\/v2\/types\/page"}],"author":[{"embeddable":true,"href":"https:\/\/pionki.info.pl\/index.php?rest_route=\/wp\/v2\/users\/1"}],"replies":[{"embeddable":true,"href":"https:\/\/pionki.info.pl\/index.php?rest_route=%2Fwp%2Fv2%2Fcomments&post=33"}],"version-history":[{"count":13,"href":"https:\/\/pionki.info.pl\/index.php?rest_route=\/wp\/v2\/pages\/33\/revisions"}],"predecessor-version":[{"id":805,"href":"https:\/\/pionki.info.pl\/index.php?rest_route=\/wp\/v2\/pages\/33\/revisions\/805"}],"wp:featuredmedia":[{"embeddable":true,"href":"https:\/\/pionki.info.pl\/index.php?rest_route=\/wp\/v2\/media\/25"}],"wp:attachment":[{"href":"https:\/\/pionki.info.pl\/index.php?rest_route=%2Fwp%2Fv2%2Fmedia&parent=33"}],"curies":[{"name":"wp","href":"https:\/\/api.w.org\/{rel}","templated":true}]}}