{"id":248,"date":"2024-05-14T14:41:43","date_gmt":"2024-05-14T12:41:43","guid":{"rendered":"http:\/\/pionki.info.pl\/?page_id=248"},"modified":"2024-07-07T21:59:06","modified_gmt":"2024-07-07T19:59:06","slug":"program-wczesnego-wykrywania-wad-stop-i-postawy-dzieci-i-mlodziezy","status":"publish","type":"page","link":"https:\/\/pionki.info.pl\/?page_id=248","title":{"rendered":"Program wczesnego wykrywania wad st\u00f3p i postawy dzieci i m\u0142odzie\u017cy"},"content":{"rendered":"\n<p class=\"has-black-color has-text-color has-link-color wp-elements-feadf86d0a5aa06bd0a89460f7d55c7d\" style=\"font-size:18px\"><strong>Wady postawy dotykaj\u0105 50-90% dzieci i m\u0142odzie\u017cy w Polsce. Wczesne badanie i wykrywanie nieprawid\u0142owo\u015bci, jest bardzo wa\u017cne, by zapobiega\u0107 ich rozwojowi. Zach\u0119camy rodzic\u00f3w i opiekun\u00f3w dzieci i m\u0142odzie\u017cy&nbsp;nal\u0119\u017c\u0105cych do naszej Przychodnido skorzystania z programu badania st\u00f3p&nbsp;.Program &nbsp;skierowany &nbsp;jest do dzieci i m\u0142odzie\u017cy od&nbsp;7 do 16 roku&nbsp;\u017cycia<\/strong>.<\/p>\n\n\n\n<p class=\"has-black-color has-text-color has-link-color wp-elements-f60fd3b1c8e11a68981022d4c997386f\" style=\"font-size:18px\"><strong>Dlaczego trzeba bada\u0107&nbsp;stopy<\/strong><\/p>\n\n\n\n<p class=\"has-black-color has-text-color has-link-color wp-elements-c09c28ad7541bdcd83553f8baefb422f\">Zdarza si\u0119, \u017ce rodzicom i opiekunom trudno zauwa\u017cy\u0107 zmiany&nbsp;i nieprawid\u0142owo\u015bci w rozwoju st\u00f3p swojego dziecka.&nbsp;<\/p>\n\n\n\n<p class=\"has-black-color has-text-color has-link-color wp-elements-adf070cc92827c3bdf98b8d1c9e60e50\">Nieleczone wady dolnych ko\u0144czyn, w tym budowy&nbsp;stopy:<\/p>\n\n\n\n<p class=\"has-black-color has-text-color has-link-color wp-elements-341a2dd79d876fc2497b2edc3862d22f\">\u2022&nbsp;mog\u0105 wp\u0142yn\u0105\u0107 na zaburzenia pracy i ruchomo\u015b\u0107 stawu&nbsp;kolanowego<\/p>\n\n\n\n<p class=\"has-black-color has-text-color has-link-color wp-elements-cef40d6fc59378256d4761b7f45e2a61\">\u2022&nbsp;oddzia\u0142uj\u0105 negatywnie na ca\u0142y uk\u0142ad ruchowy dziecka \u2013 stawy i kr\u0119gos\u0142up s\u0105 ogniwami tego&nbsp;\u0142a\u0144cucha.<\/p>\n\n\n\n<p class=\"has-black-color has-text-color has-link-color has-medium-font-size wp-elements-4392d1f9a3c7e1a02f3d8197772d12e3\"><strong>Na czym polega&nbsp;program<\/strong>:<\/p>\n\n\n\n<p class=\"has-black-color has-text-color has-link-color has-medium-font-size wp-elements-1e46741a41d9ee4a8f38f29916012580\">Program badania st\u00f3p&nbsp;obejmuje:<\/p>\n\n\n\n<p class=\"has-black-color has-text-color has-link-color wp-elements-b34739387f7d3835441085a9a4e8593f\">-badania manualne (r\u0119czne), kt\u00f3re pozwalaj\u0105 na:<\/p>\n\n\n\n<p class=\"has-black-color has-text-color has-link-color wp-elements-50eb2ccea1d916fbfba17fc7972341c7\">\u2022&nbsp;ocen\u0119 stanu&nbsp;st\u00f3p<\/p>\n\n\n\n<p class=\"has-black-color has-text-color has-link-color wp-elements-1a5985395b1f58af3415faf064af1220\">\u2022&nbsp;wskazanie miejsc, gdzie odczuwalny jest&nbsp;b\u00f3l<\/p>\n\n\n\n<p class=\"has-black-color has-text-color has-link-color wp-elements-f579e84b9d39acf5fb27e1f831ee8747\">-badanie&nbsp;podoskopowe&nbsp;\u2013 z u\u017cyciem podoskopu, czyli urz\u0105dzenia diagnostycznego do badania st\u00f3p i postawy cia\u0142a \u2013 kt\u00f3re informuje m.in. o:<\/p>\n\n\n\n<p class=\"has-black-color has-text-color has-link-color wp-elements-f4f786e2ed195a51ad55eb2b536cf449\">\u2022&nbsp;kszta\u0142cie&nbsp;stopy<\/p>\n\n\n\n<p class=\"has-black-color has-text-color has-link-color wp-elements-ab7465bbe6a328f93ebb97e81f25787f\">\u2022&nbsp;zgrubieniach na&nbsp;podeszwie<\/p>\n\n\n\n<p class=\"has-black-color has-text-color has-link-color wp-elements-347ff273a84832ff6a432c6749a54bf6\">\u2022&nbsp;stabilno\u015bci&nbsp;st\u00f3p<\/p>\n\n\n\n<p class=\"has-black-color has-text-color has-link-color wp-elements-1903d7d164c5083f82ea2e75c521af04\">-komputerowe badanie st\u00f3p na platformie, kt\u00f3re:<\/p>\n\n\n\n<p class=\"has-black-color has-text-color has-link-color wp-elements-db04ba55d919735a0ddee59551b31ed5\">\u2022&nbsp;mierzy si\u0142\u0119 reakcji pod\u0142o\u017ca na naciski st\u00f3p&nbsp;pacjenta w pozycji stoj\u0105cej i&nbsp;w trakcie&nbsp;chodu.<\/p>\n","protected":false},"excerpt":{"rendered":"<p>Wady postawy dotykaj\u0105 50-90% dzieci i m\u0142odzie\u017cy w Polsce. Wczesne badanie i wykrywanie nieprawid\u0142owo\u015bci, jest bardzo wa\u017cne, by zapobiega\u0107 ich rozwojowi. Zach\u0119camy rodzic\u00f3w i opiekun\u00f3w dzieci i m\u0142odzie\u017cy&nbsp;nal\u0119\u017c\u0105cych do naszej Przychodnido skorzystania z programu badania st\u00f3p&nbsp;.Program &nbsp;skierowany &nbsp;jest do dzieci i m\u0142odzie\u017cy od&nbsp;7 do 16 roku&nbsp;\u017cycia. Dlaczego trzeba bada\u0107&nbsp;stopy Zdarza [&hellip;]<\/p>\n","protected":false},"author":1,"featured_media":293,"parent":0,"menu_order":0,"comment_status":"closed","ping_status":"closed","template":"","meta":{"footnotes":""},"class_list":["post-248","page","type-page","status-publish","has-post-thumbnail","hentry"],"_links":{"self":[{"href":"https:\/\/pionki.info.pl\/index.php?rest_route=\/wp\/v2\/pages\/248","targetHints":{"allow":["GET"]}}],"collection":[{"href":"https:\/\/pionki.info.pl\/index.php?rest_route=\/wp\/v2\/pages"}],"about":[{"href":"https:\/\/pionki.info.pl\/index.php?rest_route=\/wp\/v2\/types\/page"}],"author":[{"embeddable":true,"href":"https:\/\/pionki.info.pl\/index.php?rest_route=\/wp\/v2\/users\/1"}],"replies":[{"embeddable":true,"href":"https:\/\/pionki.info.pl\/index.php?rest_route=%2Fwp%2Fv2%2Fcomments&post=248"}],"version-history":[{"count":3,"href":"https:\/\/pionki.info.pl\/index.php?rest_route=\/wp\/v2\/pages\/248\/revisions"}],"predecessor-version":[{"id":719,"href":"https:\/\/pionki.info.pl\/index.php?rest_route=\/wp\/v2\/pages\/248\/revisions\/719"}],"wp:featuredmedia":[{"embeddable":true,"href":"https:\/\/pionki.info.pl\/index.php?rest_route=\/wp\/v2\/media\/293"}],"wp:attachment":[{"href":"https:\/\/pionki.info.pl\/index.php?rest_route=%2Fwp%2Fv2%2Fmedia&parent=248"}],"curies":[{"name":"wp","href":"https:\/\/api.w.org\/{rel}","templated":true}]}}