{"id":241,"date":"2024-05-14T14:35:40","date_gmt":"2024-05-14T12:35:40","guid":{"rendered":"http:\/\/pionki.info.pl\/?page_id=241"},"modified":"2024-07-09T17:51:21","modified_gmt":"2024-07-09T15:51:21","slug":"program-wczesnego-wykrywania-chorob-ukladu-krazenia-chuk","status":"publish","type":"page","link":"https:\/\/pionki.info.pl\/?page_id=241","title":{"rendered":"Program wczesnego wykrywania chor\u00f3b uk\u0142adu kr\u0105\u017cenia (CHUK)"},"content":{"rendered":"\n<p class=\"has-black-color has-text-color has-link-color wp-elements-6d10cd9241927c358f4cafbd65c6965b\"><strong>Choroby uk\u0142adu kr\u0105\u017cenia to g\u0142\u00f3wna przyczyna zgon\u00f3w w Polsce i na \u015bwiecie. Zmiana stylu \u017cycia oraz wczesna diagnostyka mog\u0105 odwr\u00f3ci\u0107 ten niekorzystny&nbsp;trend.<\/strong><\/p>\n\n\n\n<p class=\"has-black-color has-text-color has-link-color wp-elements-119b16e4777e5d70954687772272da86\">Najcz\u0119stszymi chorobami uk\u0142adu kr\u0105\u017cenia s\u0105:<\/p>\n\n\n\n<p class=\"has-black-color has-text-color has-link-color wp-elements-be68c5fe532139a6283cb8fbb1feddde\">\u2022&nbsp;nadci\u015bnienie t\u0119tnicze<\/p>\n\n\n\n<p class=\"has-black-color has-text-color has-link-color wp-elements-3cb26dff98265a62ed6848cf7058b07a\">\u2022&nbsp;choroba niedokrwienna serca (na czele z zawa\u0142em)<\/p>\n\n\n\n<p class=\"has-black-color has-text-color has-link-color wp-elements-e77ba5b7701c50de2652d9a51b7c6148\">\u2022&nbsp;wady zastawkowe serca<\/p>\n\n\n\n<p class=\"has-black-color has-text-color has-link-color wp-elements-d411f76c96fd485f9c37ece748033d16\">\u2022&nbsp;niewydolno\u015b\u0107 serca<\/p>\n\n\n\n<p class=\"has-black-color has-text-color has-link-color wp-elements-d9a93ec16d345aea9e03a8ac6fc78eaa\">\u2022&nbsp;\u017cylna choroba zakrzepowo \u2014 zatorowa<\/p>\n\n\n\n<p class=\"has-black-color has-text-color has-link-color wp-elements-8d30da8f148c17fb5f628e5f1ab7f728\">\u2022&nbsp;mia\u017cd\u017cyca t\u0119tnic obwodowych<\/p>\n\n\n\n<p class=\"has-black-color has-text-color has-link-color wp-elements-43ee6d574980483e691b75706bfd92c9\">Na rozw\u00f3j chor\u00f3b uk\u0142adu kr\u0105\u017cenia wp\u0142ywa styl \u017cycia<strong>&#8211;<\/strong>&nbsp;jak si\u0119 od\u017cywiamy, czy palimy , pijemy alkohol,&nbsp;czy cz\u0119sto towarzyszy nam stres czy jeste\u015bmy aktywni fizycznie\u2026..<\/p>\n\n\n\n<p class=\"has-black-color has-text-color has-link-color wp-elements-807eca82858824d4c83d3b8646afd34c\"><strong>C<\/strong><strong>o mo\u017cna zrobi\u0107 dla zmniejszenia ryzyka rozwoju choroby uk\u0142adu kr\u0105\u017cenia, warto skorzysta\u0107 z bada\u0144 profilaktycznych w r<\/strong><strong>amach programu&nbsp;<\/strong><strong>ChUK<\/strong><strong>.&nbsp;<\/strong><\/p>\n\n\n\n<p class=\"has-black-color has-text-color has-link-color wp-elements-d92dea5c6f312067d53773742667d4ca\"><strong>Ch<\/strong><strong>UK<\/strong>&nbsp;czyli Program Profilaktyki &nbsp;Chor\u00f3b Uk\u0142adu Kr\u0105\u017cenia &nbsp;realizujemy w gabinecie lekarza rodzinnego i jest on finansowany przez NFZ .Celem &nbsp;programu&nbsp;jest&nbsp;zwi\u0119kszenie wykrywalno\u015bci i skuteczno\u015bci leczenia chor\u00f3b uk\u0142adu kr\u0105\u017cenia oraz podniesienie wiedzy i \u015bwiadomo\u015bci pacjent\u00f3w na temat chor\u00f3b uk\u0142adu&nbsp;kr\u0105\u017cenia.&nbsp;Dzi\u0119ki wczesnemu wykryciu choroby uk\u0142adu kr\u0105\u017cenia mo\u017cesz unikn\u0105\u0107 p\u00f3\u017aniejszych problem\u00f3w ze zdrowiem: udaru&nbsp;m\u00f3zgu, zawa\u0142u&nbsp;serca,&nbsp;niepe\u0142nosprawno\u015bci.<\/p>\n\n\n\n<p class=\"has-black-color has-text-color has-link-color wp-elements-d25aa2b87b2795b38fc4ec3243c61474\"><strong>Dlaczego warto wzi\u0105\u0107 ud<\/strong><strong>zia\u0142 w programie profilaktyki&nbsp;<\/strong><strong>Ch<\/strong><strong>UK<\/strong><strong>?<\/strong>&nbsp;<\/p>\n\n\n\n<p class=\"has-black-color has-text-color has-link-color wp-elements-b5db8b9baa3447e6d3a6fe686e795043\">\u2022&nbsp;mo\u017cliwo\u015b\u0107 wykonania darmowych bada\u0144 bez skierowania,<\/p>\n\n\n\n<p class=\"has-black-color has-text-color has-link-color wp-elements-4ebc9532457f3d24944419376a2728c6\">\u2022&nbsp;szansa na wykrycie chor\u00f3b uk\u0142adu kr\u0105\u017cenia na ich wczesnym etapie &#8211; tym samym szybkie rozpocz\u0119cie leczenia,<\/p>\n\n\n\n<p class=\"has-black-color has-text-color has-link-color wp-elements-71a6765944402dd559c2334ad8f10c0b\">\u2022&nbsp;podniesienie wiedzy na temat chor\u00f3b uk\u0142adu kr\u0105\u017cenia i zdrowego stylu \u017cycia.<\/p>\n\n\n\n<p class=\"has-black-color has-text-color has-link-color wp-elements-90f03adefb8f5451b5f9bf900dbc8830\"><strong>Kto mo\u017ce wzi\u0105\u0107 udzia\u0142 w&nbsp;<\/strong><strong>Ch<\/strong><strong>UK<\/strong><strong>?<\/strong><\/p>\n\n\n\n<p class=\"has-black-color has-text-color has-link-color wp-elements-3cfee886050e4959485d727e868a4582\">\u2022&nbsp;Do programu kwalifikuj\u0105 si\u0119&nbsp;<strong>osoby w wieku od 35 do 65 lat<\/strong>. Osoby te&nbsp;nie mog\u0105 mie\u0107 stwierdzonych chor\u00f3b uk\u0142adu kr\u0105\u017cenia, ani chorowa\u0107 na cukrzyc\u0119, przewlek\u0142e choroby nerek<strong><\/strong>czy mie\u0107 rodzinnej hipercholesterolemii<strong>.<\/strong>&nbsp;Wa\u017cne jest te\u017c to, \u017ce do programu mo\u017cna przyst\u0105pi\u0107 raz na 5 lat.<\/p>\n\n\n\n<p class=\"has-black-color has-text-color has-link-color wp-elements-5218828253be0e42442099fff3cd161e\">Realizacja programu sk\u0142ada si\u0119 z dw\u00f3ch wizyt w poradni. Warto po\u015bwi\u0119ci\u0107 ten czas, aby m\u00f3c d\u0142u\u017cej cieszy\u0107 si\u0119 \u017cyciem i przede wszystkim zdrowiem.<\/p>\n\n\n\n<p class=\"has-black-color has-text-color has-link-color wp-elements-44b2f94055d802d005031344d7e436b6\"><strong>Nie czekaj &#8211; zg\u0142o\u015b<\/strong><strong>&nbsp;si\u0119 do programu profilaktyki&nbsp;<\/strong><strong>Ch<\/strong><strong>UK<\/strong><strong>&nbsp;i zadbaj o swoje zdrowie.<\/strong><\/p>\n","protected":false},"excerpt":{"rendered":"<p>Choroby uk\u0142adu kr\u0105\u017cenia to g\u0142\u00f3wna przyczyna zgon\u00f3w w Polsce i na \u015bwiecie. Zmiana stylu \u017cycia oraz wczesna diagnostyka mog\u0105 odwr\u00f3ci\u0107 ten niekorzystny&nbsp;trend. Najcz\u0119stszymi chorobami uk\u0142adu kr\u0105\u017cenia s\u0105: \u2022&nbsp;nadci\u015bnienie t\u0119tnicze \u2022&nbsp;choroba niedokrwienna serca (na czele z zawa\u0142em) \u2022&nbsp;wady zastawkowe serca \u2022&nbsp;niewydolno\u015b\u0107 serca \u2022&nbsp;\u017cylna choroba zakrzepowo \u2014 zatorowa \u2022&nbsp;mia\u017cd\u017cyca t\u0119tnic obwodowych Na [&hellip;]<\/p>\n","protected":false},"author":1,"featured_media":292,"parent":0,"menu_order":0,"comment_status":"closed","ping_status":"closed","template":"","meta":{"footnotes":""},"class_list":["post-241","page","type-page","status-publish","has-post-thumbnail","hentry"],"_links":{"self":[{"href":"https:\/\/pionki.info.pl\/index.php?rest_route=\/wp\/v2\/pages\/241","targetHints":{"allow":["GET"]}}],"collection":[{"href":"https:\/\/pionki.info.pl\/index.php?rest_route=\/wp\/v2\/pages"}],"about":[{"href":"https:\/\/pionki.info.pl\/index.php?rest_route=\/wp\/v2\/types\/page"}],"author":[{"embeddable":true,"href":"https:\/\/pionki.info.pl\/index.php?rest_route=\/wp\/v2\/users\/1"}],"replies":[{"embeddable":true,"href":"https:\/\/pionki.info.pl\/index.php?rest_route=%2Fwp%2Fv2%2Fcomments&post=241"}],"version-history":[{"count":3,"href":"https:\/\/pionki.info.pl\/index.php?rest_route=\/wp\/v2\/pages\/241\/revisions"}],"predecessor-version":[{"id":724,"href":"https:\/\/pionki.info.pl\/index.php?rest_route=\/wp\/v2\/pages\/241\/revisions\/724"}],"wp:featuredmedia":[{"embeddable":true,"href":"https:\/\/pionki.info.pl\/index.php?rest_route=\/wp\/v2\/media\/292"}],"wp:attachment":[{"href":"https:\/\/pionki.info.pl\/index.php?rest_route=%2Fwp%2Fv2%2Fmedia&parent=241"}],"curies":[{"name":"wp","href":"https:\/\/api.w.org\/{rel}","templated":true}]}}