{"id":228,"date":"2024-05-14T14:27:32","date_gmt":"2024-05-14T12:27:32","guid":{"rendered":"http:\/\/pionki.info.pl\/?page_id=228"},"modified":"2024-05-18T15:47:56","modified_gmt":"2024-05-18T13:47:56","slug":"fizykoterapia","status":"publish","type":"page","link":"https:\/\/pionki.info.pl\/?page_id=228","title":{"rendered":"Fizykoterapia"},"content":{"rendered":"\n<p class=\"has-black-color has-text-color has-link-color wp-elements-5feb66ed78ba6a59aacbc43d008f2c00\">Fizykoterapia jest&nbsp;jedn\u0105 z dziedzin fizjoterapii, kt\u00f3ra wykorzystuje dzia\u0142anie czynnik\u00f3w fizycznych w celach leczniczych.&nbsp;Zabiegi fizykalne&nbsp;prowadz\u0105 do zmniejszenia si\u0119 objaw\u00f3w b\u00f3lowych, dzia\u0142aj\u0105 przeciwzapalnie, przeciwobrz\u0119kowo, przyspieszaj\u0105 procesy gojenia tkankowego. Poprzez swoje dzia\u0142ania biostymuluj\u0105ce przyspieszaj\u0105 przemian\u0119 materii w tkankach, uaktywniaj\u0105 procesy metaboliczne organizmu.<\/p>\n\n\n\n<p class=\"has-black-color has-text-color has-link-color wp-elements-0b332bdaff4106ceb732702f0437b78f\">W&nbsp;Akademii Zdrowia \u015bwiadczymy us\u0142ugi w zakresie:<\/p>\n\n\n\n<p class=\"has-black-color has-text-color has-link-color wp-elements-77a0f21fd2c09c27ad9667deb7ac7e98\">\u2022&nbsp;termoterapia<\/p>\n\n\n\n<p class=\"has-black-color has-text-color has-link-color wp-elements-be04cc078152c4d13d40eb5b74450d5a\">\u2022&nbsp;krioterapia<\/p>\n\n\n\n<p class=\"has-black-color has-text-color has-link-color wp-elements-4eb38ff397e05d5308b288e22dfab7f9\">\u2022&nbsp;\u015bwiat\u0142olecznictwo<\/p>\n\n\n\n<p class=\"has-black-color has-text-color has-link-color wp-elements-17eeb5b9ad0125071d3e7bbc70b40466\">\u2022&nbsp;laseroterapia<\/p>\n\n\n\n<p>\u2022&nbsp;elektrolecznictwo<\/p>\n\n\n\n<p class=\"has-black-color has-text-color has-link-color wp-elements-db3cd74028ea058ce7d3519034db1728\">\u2022&nbsp;magnetoterapia<\/p>\n\n\n\n<p>\u2022&nbsp;ultrad\u017awi\u0119ki<\/p>\n\n\n\n<p class=\"has-black-color has-text-color has-link-color wp-elements-30b0f797a7808572a123ff6e9301bafb\">\u2022&nbsp;ciep\u0142olecznictwo<\/p>\n\n\n\n<p class=\"has-black-color has-text-color has-link-color wp-elements-4b3743427995283658366bc4e3a61c96\">\u2022&nbsp;hydroteriapia<\/p>\n\n\n\n<p class=\"has-black-color has-text-color has-link-color wp-elements-e8e08b2785c08d0eef7fb6e9e6ccd3f1\">\u2022&nbsp;fala uderzeniowa<\/p>\n\n\n\n<p class=\"has-black-color has-text-color has-link-color wp-elements-d974aa539ef428c040f09a327e41b581\">\u2022&nbsp;masa\u017c pneumatyczny&nbsp;BOA&nbsp;<\/p>\n\n\n\n<p class=\"has-black-color has-text-color has-link-color wp-elements-e09974cfc7652ae5da13b159f0cb151c\">\u2022&nbsp;hydromasa\u017c&nbsp;suchy na \u0142\u00f3\u017cku wodnym&nbsp;Wellsystem Medical&nbsp;<\/p>\n\n\n\n<p class=\"has-black-color has-text-color has-link-color wp-elements-7c7406ac3036536e7183cb74eefa549a\"><strong><em>Zabiegi dobierane s\u0105 w zale\u017cno\u015bci od&nbsp;<\/em><\/strong><strong><em>schorzenia oraz zalece\u0144&nbsp;<\/em><\/strong><strong><em>fizjoterapeuty.<\/em><\/strong><\/p>\n\n\n\n<figure class=\"wp-block-gallery has-nested-images columns-5 is-cropped wp-block-gallery-1 is-layout-flex wp-block-gallery-is-layout-flex\">\n<figure class=\"wp-block-image size-large\"><a href=\"http:\/\/pionki.info.pl\/wp-content\/uploads\/2024\/05\/IMG_6492-1.jpg\"><img fetchpriority=\"high\" decoding=\"async\" width=\"682\" height=\"1024\" data-id=\"376\" src=\"http:\/\/pionki.info.pl\/wp-content\/uploads\/2024\/05\/IMG_6492-1-682x1024.jpg\" alt=\"\" class=\"wp-image-376\" srcset=\"https:\/\/pionki.info.pl\/wp-content\/uploads\/2024\/05\/IMG_6492-1-682x1024.jpg 682w, https:\/\/pionki.info.pl\/wp-content\/uploads\/2024\/05\/IMG_6492-1-200x300.jpg 200w, https:\/\/pionki.info.pl\/wp-content\/uploads\/2024\/05\/IMG_6492-1-768x1153.jpg 768w, https:\/\/pionki.info.pl\/wp-content\/uploads\/2024\/05\/IMG_6492-1-1023x1536.jpg 1023w, https:\/\/pionki.info.pl\/wp-content\/uploads\/2024\/05\/IMG_6492-1.jpg 1066w\" sizes=\"(max-width: 682px) 100vw, 682px\" \/><\/a><\/figure>\n\n\n\n<figure class=\"wp-block-image size-large\"><a href=\"http:\/\/pionki.info.pl\/wp-content\/uploads\/2024\/05\/DSCF9583-scaled.jpg\"><img decoding=\"async\" width=\"1024\" height=\"680\" data-id=\"336\" src=\"http:\/\/pionki.info.pl\/wp-content\/uploads\/2024\/05\/DSCF9583-1024x680.jpg\" alt=\"\" class=\"wp-image-336\" srcset=\"https:\/\/pionki.info.pl\/wp-content\/uploads\/2024\/05\/DSCF9583-1024x680.jpg 1024w, https:\/\/pionki.info.pl\/wp-content\/uploads\/2024\/05\/DSCF9583-300x199.jpg 300w, https:\/\/pionki.info.pl\/wp-content\/uploads\/2024\/05\/DSCF9583-768x510.jpg 768w, https:\/\/pionki.info.pl\/wp-content\/uploads\/2024\/05\/DSCF9583-1536x1020.jpg 1536w, https:\/\/pionki.info.pl\/wp-content\/uploads\/2024\/05\/DSCF9583-2048x1360.jpg 2048w, https:\/\/pionki.info.pl\/wp-content\/uploads\/2024\/05\/DSCF9583-360x240.jpg 360w\" sizes=\"(max-width: 1024px) 100vw, 1024px\" \/><\/a><\/figure>\n\n\n\n<figure class=\"wp-block-image size-large\"><a href=\"http:\/\/pionki.info.pl\/wp-content\/uploads\/2024\/05\/IMG_8643.jpg\"><img decoding=\"async\" width=\"1024\" height=\"673\" data-id=\"334\" src=\"http:\/\/pionki.info.pl\/wp-content\/uploads\/2024\/05\/IMG_8643-1024x673.jpg\" alt=\"\" class=\"wp-image-334\" srcset=\"https:\/\/pionki.info.pl\/wp-content\/uploads\/2024\/05\/IMG_8643-1024x673.jpg 1024w, https:\/\/pionki.info.pl\/wp-content\/uploads\/2024\/05\/IMG_8643-300x197.jpg 300w, https:\/\/pionki.info.pl\/wp-content\/uploads\/2024\/05\/IMG_8643-768x505.jpg 768w, https:\/\/pionki.info.pl\/wp-content\/uploads\/2024\/05\/IMG_8643-1536x1010.jpg 1536w, https:\/\/pionki.info.pl\/wp-content\/uploads\/2024\/05\/IMG_8643.jpg 1600w\" sizes=\"(max-width: 1024px) 100vw, 1024px\" \/><\/a><\/figure>\n\n\n\n<figure class=\"wp-block-image size-large\"><a href=\"http:\/\/pionki.info.pl\/wp-content\/uploads\/2024\/05\/DSCF9592-scaled.jpg\"><img loading=\"lazy\" decoding=\"async\" width=\"1024\" height=\"680\" data-id=\"378\" src=\"http:\/\/pionki.info.pl\/wp-content\/uploads\/2024\/05\/DSCF9592-1024x680.jpg\" alt=\"\" class=\"wp-image-378\" srcset=\"https:\/\/pionki.info.pl\/wp-content\/uploads\/2024\/05\/DSCF9592-1024x680.jpg 1024w, https:\/\/pionki.info.pl\/wp-content\/uploads\/2024\/05\/DSCF9592-300x199.jpg 300w, https:\/\/pionki.info.pl\/wp-content\/uploads\/2024\/05\/DSCF9592-768x510.jpg 768w, https:\/\/pionki.info.pl\/wp-content\/uploads\/2024\/05\/DSCF9592-1536x1020.jpg 1536w, https:\/\/pionki.info.pl\/wp-content\/uploads\/2024\/05\/DSCF9592-2048x1360.jpg 2048w, https:\/\/pionki.info.pl\/wp-content\/uploads\/2024\/05\/DSCF9592-360x240.jpg 360w\" sizes=\"(max-width: 1024px) 100vw, 1024px\" \/><\/a><\/figure>\n\n\n\n<figure class=\"wp-block-image size-large\"><a href=\"http:\/\/pionki.info.pl\/wp-content\/uploads\/2024\/05\/IMG_8645.jpg\"><img loading=\"lazy\" decoding=\"async\" width=\"1024\" height=\"682\" data-id=\"332\" src=\"http:\/\/pionki.info.pl\/wp-content\/uploads\/2024\/05\/IMG_8645-1024x682.jpg\" alt=\"\" class=\"wp-image-332\" srcset=\"https:\/\/pionki.info.pl\/wp-content\/uploads\/2024\/05\/IMG_8645-1024x682.jpg 1024w, https:\/\/pionki.info.pl\/wp-content\/uploads\/2024\/05\/IMG_8645-300x200.jpg 300w, https:\/\/pionki.info.pl\/wp-content\/uploads\/2024\/05\/IMG_8645-768x512.jpg 768w, https:\/\/pionki.info.pl\/wp-content\/uploads\/2024\/05\/IMG_8645-1536x1023.jpg 1536w, https:\/\/pionki.info.pl\/wp-content\/uploads\/2024\/05\/IMG_8645-360x240.jpg 360w, https:\/\/pionki.info.pl\/wp-content\/uploads\/2024\/05\/IMG_8645.jpg 1600w\" sizes=\"(max-width: 1024px) 100vw, 1024px\" \/><\/a><\/figure>\n<\/figure>\n","protected":false},"excerpt":{"rendered":"<p>Fizykoterapia jest&nbsp;jedn\u0105 z dziedzin fizjoterapii, kt\u00f3ra wykorzystuje dzia\u0142anie czynnik\u00f3w fizycznych w celach leczniczych.&nbsp;Zabiegi fizykalne&nbsp;prowadz\u0105 do zmniejszenia si\u0119 objaw\u00f3w b\u00f3lowych, dzia\u0142aj\u0105 przeciwzapalnie, przeciwobrz\u0119kowo, przyspieszaj\u0105 procesy gojenia tkankowego. Poprzez swoje dzia\u0142ania biostymuluj\u0105ce przyspieszaj\u0105 przemian\u0119 materii w tkankach, uaktywniaj\u0105 procesy metaboliczne organizmu. W&nbsp;Akademii Zdrowia \u015bwiadczymy us\u0142ugi w zakresie: \u2022&nbsp;termoterapia \u2022&nbsp;krioterapia \u2022&nbsp;\u015bwiat\u0142olecznictwo \u2022&nbsp;laseroterapia \u2022&nbsp;elektrolecznictwo [&hellip;]<\/p>\n","protected":false},"author":1,"featured_media":309,"parent":0,"menu_order":0,"comment_status":"closed","ping_status":"closed","template":"","meta":{"footnotes":""},"class_list":["post-228","page","type-page","status-publish","has-post-thumbnail","hentry"],"_links":{"self":[{"href":"https:\/\/pionki.info.pl\/index.php?rest_route=\/wp\/v2\/pages\/228","targetHints":{"allow":["GET"]}}],"collection":[{"href":"https:\/\/pionki.info.pl\/index.php?rest_route=\/wp\/v2\/pages"}],"about":[{"href":"https:\/\/pionki.info.pl\/index.php?rest_route=\/wp\/v2\/types\/page"}],"author":[{"embeddable":true,"href":"https:\/\/pionki.info.pl\/index.php?rest_route=\/wp\/v2\/users\/1"}],"replies":[{"embeddable":true,"href":"https:\/\/pionki.info.pl\/index.php?rest_route=%2Fwp%2Fv2%2Fcomments&post=228"}],"version-history":[{"count":5,"href":"https:\/\/pionki.info.pl\/index.php?rest_route=\/wp\/v2\/pages\/228\/revisions"}],"predecessor-version":[{"id":379,"href":"https:\/\/pionki.info.pl\/index.php?rest_route=\/wp\/v2\/pages\/228\/revisions\/379"}],"wp:featuredmedia":[{"embeddable":true,"href":"https:\/\/pionki.info.pl\/index.php?rest_route=\/wp\/v2\/media\/309"}],"wp:attachment":[{"href":"https:\/\/pionki.info.pl\/index.php?rest_route=%2Fwp%2Fv2%2Fmedia&parent=228"}],"curies":[{"name":"wp","href":"https:\/\/api.w.org\/{rel}","templated":true}]}}