{"id":226,"date":"2024-05-14T14:27:32","date_gmt":"2024-05-14T12:27:32","guid":{"rendered":"http:\/\/pionki.info.pl\/?page_id=226"},"modified":"2024-05-17T19:17:38","modified_gmt":"2024-05-17T17:17:38","slug":"diagnostyka-wad-stop-i-kregoslupa","status":"publish","type":"page","link":"https:\/\/pionki.info.pl\/?page_id=226","title":{"rendered":"Diagnostyka wad st\u00f3p i kr\u0119gos\u0142upa"},"content":{"rendered":"\n<p class=\"has-black-color has-text-color has-link-color wp-elements-931e23ebbca138798718943c45239dc8\">Dysponujemy&nbsp;nowoczesnymi urz\u0105dzeniami, dzi\u0119ki kt\u00f3rym&nbsp;nasi specjali\u015bci przeprowadzaj\u0105 diagnoz\u0119 st\u00f3p oraz&nbsp;postawy cia\u0142a u&nbsp;os\u00f3b z&nbsp;podejrzeniem dysfunkcji w&nbsp;tym zakresie.<\/p>\n\n\n\n<p class=\"has-black-color has-text-color has-link-color wp-elements-84eed4c612a747b74f07cc438298d72b\">Wiedza, do\u015bwiadczenie oraz&nbsp;zastosowanie nowoczesnych technologii pozwalaj\u0105 nam jeszcze skuteczniej pomaga\u0107 pacjentom, kt\u00f3rzy&nbsp;chc\u0105 zapobiec lub zahamowa\u0107 post\u0119p niepokoj\u0105cych zmian w&nbsp;obr\u0119bie nie&nbsp;tylko&nbsp;st\u00f3p, ale&nbsp;tak\u017ce staw\u00f3w skokowych, kolanowych, biodrowych czy&nbsp;na&nbsp;kr\u0119gos\u0142upie.&nbsp;<\/p>\n\n\n\n<p class=\"has-black-color has-text-color has-link-color wp-elements-328a8f20c6ead7705edd3cbd4319cd4c\"><strong>W\u0142a\u015bciwie postawiona diagnoza pozwala bowiem wdro\u017cy\u0107 skuteczne terapie, obejmuj\u0105ce na&nbsp;przyk\u0142ad zastosowanie indywidualnie dobranych wk\u0142adek ortopedycznych, kt\u00f3re poprawiaj\u0105 komfort \u017cycia pacjent\u00f3w i&nbsp;zapobiegaj\u0105 pog\u0142\u0119bianiu si\u0119 dysfunkc<\/strong><strong>ji oraz&nbsp;<\/strong><strong>zaplanowanie skutecznej rehabilitacji poprzez dob\u00f3r odpowiednich \u0107wicze\u0144 i zabieg\u00f3w fizykalnych<\/strong>.<\/p>\n\n\n\n<p class=\"has-black-color has-text-color has-link-color wp-elements-b1171df539d0180a5efa5c4c3eee24e8\">Wskazania&nbsp;do&nbsp;badania:<\/p>\n\n\n\n<p class=\"has-black-color has-text-color has-link-color wp-elements-3e1750c676931fbdd8fc4715e82b94cb\">\u25aa&nbsp;osoby, kt\u00f3re chc\u0105 zapobiec deformacjom st\u00f3p oraz&nbsp;schorzeniom i&nbsp;dolegliwo\u015bciom b\u00f3lowym;<\/p>\n\n\n\n<p class=\"has-black-color has-text-color has-link-color wp-elements-006b100c5e857a78fcbbcb53623a6348\">\u25aa&nbsp;osoby zmagaj\u0105ce si\u0119 ju\u017c z&nbsp;deformacjami st\u00f3p (p\u0142askostopie poprzeczne, pod\u0142u\u017cne, ko\u015blawo\u015b\u0107, szpotawo\u015b\u0107, halluksy);<\/p>\n\n\n\n<p class=\"has-black-color has-text-color has-link-color wp-elements-eac85f62e21dd65c7878558f5483a6b5\">\u25aa&nbsp;osoby po&nbsp;urazach staw\u00f3w skokowych, kolanowych;<\/p>\n\n\n\n<p class=\"has-black-color has-text-color has-link-color wp-elements-ddfd4905eafbeeaa8ea9d051648c51a0\">\u25aa&nbsp;dla dzieci w celu kontroli rozwoju st\u00f3p i wykrycia ewentualnych nieprawid\u0142owo\u015bci&nbsp;&nbsp;<\/p>\n\n\n\n<p class=\"has-black-color has-text-color has-link-color wp-elements-1d462fca01e983b7f034bbe27c39f4c1\">\u25aa&nbsp;dla os\u00f3b cierpi\u0105cych na b\u00f3le st\u00f3p i kolan, oraz kr\u0119gos\u0142upa<\/p>\n\n\n\n<p class=\"has-black-color has-text-color has-link-color wp-elements-947b8e1d5b16a65c17a5929d3a0910b4\">\u25aa&nbsp;dla dzieci&nbsp;i os\u00f3b doros\u0142ych z deformacjami st\u00f3p: p\u0142askostopie pod\u0142u\u017cne, p\u0142askostopie poprzeczne, hallux valgus, ko\u015blawo\u015b\u0107 pi\u0119t, szpotawo\u015b\u0107 pi\u0119t<\/p>\n\n\n\n<p class=\"has-black-color has-text-color has-link-color wp-elements-487d9e1a9ae4fc6463b4e7a1dd255ea4\">\u25aa&nbsp;dla os\u00f3b z grupy ryzyka (diabetycy, reumatycy)<\/p>\n\n\n\n<p class=\"has-black-color has-text-color has-link-color wp-elements-978ecfe5218170e93f6a8a84d8517169\">\u25aa&nbsp;osoby zmagaj\u0105ce si\u0119 z&nbsp;takimi schorzeniami jak np.&nbsp;ostroga pi\u0119towa, nerwiak Mortona, zapalenie rozci\u0119gna podeszwowego;<\/p>\n\n\n\n<p class=\"has-black-color has-text-color has-link-color wp-elements-70a5c6e6ded150f0cd869f3e13d8286b\">\u25aa&nbsp;osoby cierpi\u0105ce na&nbsp;b\u00f3le przeci\u0105\u017ceniowe ze&nbsp;wzgl\u0119du na&nbsp;prac\u0119 stoj\u0105c\u0105;<\/p>\n\n\n\n<p class=\"has-black-color has-text-color has-link-color wp-elements-39c97f2f57dfb3aad8b924107695de8c\">\u25aa&nbsp;osoby znajduj\u0105ce si\u0119 w&nbsp;grupie ryzyka (np.&nbsp;diabetycy, reumatycy).<\/p>\n\n\n\n<figure class=\"wp-block-gallery has-nested-images columns-6 is-cropped wp-block-gallery-1 is-layout-flex wp-block-gallery-is-layout-flex\">\n<figure class=\"wp-block-image size-full\"><a href=\"http:\/\/pionki.info.pl\/wp-content\/uploads\/2024\/05\/IMG_6516-3.jpg\"><img fetchpriority=\"high\" decoding=\"async\" width=\"1600\" height=\"1066\" data-id=\"325\" src=\"http:\/\/pionki.info.pl\/wp-content\/uploads\/2024\/05\/IMG_6516-3.jpg\" alt=\"\" class=\"wp-image-325\" srcset=\"https:\/\/pionki.info.pl\/wp-content\/uploads\/2024\/05\/IMG_6516-3.jpg 1600w, https:\/\/pionki.info.pl\/wp-content\/uploads\/2024\/05\/IMG_6516-3-300x200.jpg 300w, https:\/\/pionki.info.pl\/wp-content\/uploads\/2024\/05\/IMG_6516-3-1024x682.jpg 1024w, https:\/\/pionki.info.pl\/wp-content\/uploads\/2024\/05\/IMG_6516-3-768x512.jpg 768w, https:\/\/pionki.info.pl\/wp-content\/uploads\/2024\/05\/IMG_6516-3-1536x1023.jpg 1536w, https:\/\/pionki.info.pl\/wp-content\/uploads\/2024\/05\/IMG_6516-3-360x240.jpg 360w\" sizes=\"(max-width: 1600px) 100vw, 1600px\" \/><\/a><\/figure>\n\n\n\n<figure class=\"wp-block-image size-full\"><a href=\"http:\/\/pionki.info.pl\/wp-content\/uploads\/2024\/05\/IMG_6557-2.jpg\"><img decoding=\"async\" width=\"1085\" height=\"1600\" data-id=\"326\" src=\"http:\/\/pionki.info.pl\/wp-content\/uploads\/2024\/05\/IMG_6557-2.jpg\" alt=\"\" class=\"wp-image-326\" srcset=\"https:\/\/pionki.info.pl\/wp-content\/uploads\/2024\/05\/IMG_6557-2.jpg 1085w, https:\/\/pionki.info.pl\/wp-content\/uploads\/2024\/05\/IMG_6557-2-203x300.jpg 203w, https:\/\/pionki.info.pl\/wp-content\/uploads\/2024\/05\/IMG_6557-2-694x1024.jpg 694w, https:\/\/pionki.info.pl\/wp-content\/uploads\/2024\/05\/IMG_6557-2-768x1133.jpg 768w, https:\/\/pionki.info.pl\/wp-content\/uploads\/2024\/05\/IMG_6557-2-1042x1536.jpg 1042w\" sizes=\"(max-width: 1085px) 100vw, 1085px\" \/><\/a><\/figure>\n\n\n\n<figure class=\"wp-block-image size-full\"><a href=\"http:\/\/pionki.info.pl\/wp-content\/uploads\/2024\/05\/IMG_6494-2.jpg\"><img decoding=\"async\" width=\"1600\" height=\"1066\" data-id=\"327\" src=\"http:\/\/pionki.info.pl\/wp-content\/uploads\/2024\/05\/IMG_6494-2.jpg\" alt=\"\" class=\"wp-image-327\" srcset=\"https:\/\/pionki.info.pl\/wp-content\/uploads\/2024\/05\/IMG_6494-2.jpg 1600w, https:\/\/pionki.info.pl\/wp-content\/uploads\/2024\/05\/IMG_6494-2-300x200.jpg 300w, https:\/\/pionki.info.pl\/wp-content\/uploads\/2024\/05\/IMG_6494-2-1024x682.jpg 1024w, https:\/\/pionki.info.pl\/wp-content\/uploads\/2024\/05\/IMG_6494-2-768x512.jpg 768w, https:\/\/pionki.info.pl\/wp-content\/uploads\/2024\/05\/IMG_6494-2-1536x1023.jpg 1536w, https:\/\/pionki.info.pl\/wp-content\/uploads\/2024\/05\/IMG_6494-2-360x240.jpg 360w\" sizes=\"(max-width: 1600px) 100vw, 1600px\" \/><\/a><\/figure>\n\n\n\n<figure class=\"wp-block-image size-full\"><a href=\"http:\/\/pionki.info.pl\/wp-content\/uploads\/2024\/05\/IMG_6497-2.jpg\"><img loading=\"lazy\" decoding=\"async\" width=\"1600\" height=\"1170\" data-id=\"330\" src=\"http:\/\/pionki.info.pl\/wp-content\/uploads\/2024\/05\/IMG_6497-2.jpg\" alt=\"\" class=\"wp-image-330\" srcset=\"https:\/\/pionki.info.pl\/wp-content\/uploads\/2024\/05\/IMG_6497-2.jpg 1600w, https:\/\/pionki.info.pl\/wp-content\/uploads\/2024\/05\/IMG_6497-2-300x219.jpg 300w, https:\/\/pionki.info.pl\/wp-content\/uploads\/2024\/05\/IMG_6497-2-1024x749.jpg 1024w, https:\/\/pionki.info.pl\/wp-content\/uploads\/2024\/05\/IMG_6497-2-768x562.jpg 768w, https:\/\/pionki.info.pl\/wp-content\/uploads\/2024\/05\/IMG_6497-2-1536x1123.jpg 1536w\" sizes=\"(max-width: 1600px) 100vw, 1600px\" \/><\/a><\/figure>\n\n\n\n<figure class=\"wp-block-image size-full\"><a href=\"http:\/\/pionki.info.pl\/wp-content\/uploads\/2024\/05\/IMG_6500-2.jpg\"><img loading=\"lazy\" decoding=\"async\" width=\"1200\" height=\"1600\" data-id=\"329\" src=\"http:\/\/pionki.info.pl\/wp-content\/uploads\/2024\/05\/IMG_6500-2.jpg\" alt=\"\" class=\"wp-image-329\" srcset=\"https:\/\/pionki.info.pl\/wp-content\/uploads\/2024\/05\/IMG_6500-2.jpg 1200w, https:\/\/pionki.info.pl\/wp-content\/uploads\/2024\/05\/IMG_6500-2-225x300.jpg 225w, https:\/\/pionki.info.pl\/wp-content\/uploads\/2024\/05\/IMG_6500-2-768x1024.jpg 768w, https:\/\/pionki.info.pl\/wp-content\/uploads\/2024\/05\/IMG_6500-2-1152x1536.jpg 1152w\" sizes=\"(max-width: 1200px) 100vw, 1200px\" \/><\/a><\/figure>\n\n\n\n<figure class=\"wp-block-image size-full\"><a href=\"http:\/\/pionki.info.pl\/wp-content\/uploads\/2024\/05\/IMG_6507-2.jpg\"><img loading=\"lazy\" decoding=\"async\" width=\"1600\" height=\"1134\" data-id=\"328\" src=\"http:\/\/pionki.info.pl\/wp-content\/uploads\/2024\/05\/IMG_6507-2.jpg\" alt=\"\" class=\"wp-image-328\" srcset=\"https:\/\/pionki.info.pl\/wp-content\/uploads\/2024\/05\/IMG_6507-2.jpg 1600w, https:\/\/pionki.info.pl\/wp-content\/uploads\/2024\/05\/IMG_6507-2-300x213.jpg 300w, https:\/\/pionki.info.pl\/wp-content\/uploads\/2024\/05\/IMG_6507-2-1024x726.jpg 1024w, https:\/\/pionki.info.pl\/wp-content\/uploads\/2024\/05\/IMG_6507-2-768x544.jpg 768w, https:\/\/pionki.info.pl\/wp-content\/uploads\/2024\/05\/IMG_6507-2-1536x1089.jpg 1536w\" sizes=\"(max-width: 1600px) 100vw, 1600px\" \/><\/a><\/figure>\n<\/figure>\n","protected":false},"excerpt":{"rendered":"<p>Dysponujemy&nbsp;nowoczesnymi urz\u0105dzeniami, dzi\u0119ki kt\u00f3rym&nbsp;nasi specjali\u015bci przeprowadzaj\u0105 diagnoz\u0119 st\u00f3p oraz&nbsp;postawy cia\u0142a u&nbsp;os\u00f3b z&nbsp;podejrzeniem dysfunkcji w&nbsp;tym zakresie. Wiedza, do\u015bwiadczenie oraz&nbsp;zastosowanie nowoczesnych technologii pozwalaj\u0105 nam jeszcze skuteczniej pomaga\u0107 pacjentom, kt\u00f3rzy&nbsp;chc\u0105 zapobiec lub zahamowa\u0107 post\u0119p niepokoj\u0105cych zmian w&nbsp;obr\u0119bie nie&nbsp;tylko&nbsp;st\u00f3p, ale&nbsp;tak\u017ce staw\u00f3w skokowych, kolanowych, biodrowych czy&nbsp;na&nbsp;kr\u0119gos\u0142upie.&nbsp; W\u0142a\u015bciwie postawiona diagnoza pozwala bowiem wdro\u017cy\u0107 skuteczne terapie, obejmuj\u0105ce [&hellip;]<\/p>\n","protected":false},"author":1,"featured_media":298,"parent":0,"menu_order":0,"comment_status":"closed","ping_status":"closed","template":"","meta":{"footnotes":""},"class_list":["post-226","page","type-page","status-publish","has-post-thumbnail","hentry"],"_links":{"self":[{"href":"https:\/\/pionki.info.pl\/index.php?rest_route=\/wp\/v2\/pages\/226","targetHints":{"allow":["GET"]}}],"collection":[{"href":"https:\/\/pionki.info.pl\/index.php?rest_route=\/wp\/v2\/pages"}],"about":[{"href":"https:\/\/pionki.info.pl\/index.php?rest_route=\/wp\/v2\/types\/page"}],"author":[{"embeddable":true,"href":"https:\/\/pionki.info.pl\/index.php?rest_route=\/wp\/v2\/users\/1"}],"replies":[{"embeddable":true,"href":"https:\/\/pionki.info.pl\/index.php?rest_route=%2Fwp%2Fv2%2Fcomments&post=226"}],"version-history":[{"count":4,"href":"https:\/\/pionki.info.pl\/index.php?rest_route=\/wp\/v2\/pages\/226\/revisions"}],"predecessor-version":[{"id":331,"href":"https:\/\/pionki.info.pl\/index.php?rest_route=\/wp\/v2\/pages\/226\/revisions\/331"}],"wp:featuredmedia":[{"embeddable":true,"href":"https:\/\/pionki.info.pl\/index.php?rest_route=\/wp\/v2\/media\/298"}],"wp:attachment":[{"href":"https:\/\/pionki.info.pl\/index.php?rest_route=%2Fwp%2Fv2%2Fmedia&parent=226"}],"curies":[{"name":"wp","href":"https:\/\/api.w.org\/{rel}","templated":true}]}}