{"id":105,"date":"2024-04-28T13:50:27","date_gmt":"2024-04-28T11:50:27","guid":{"rendered":"http:\/\/pionki.info.pl\/?page_id=105"},"modified":"2025-01-20T21:19:22","modified_gmt":"2025-01-20T20:19:22","slug":"poradnie-specjalistyczne","status":"publish","type":"page","link":"https:\/\/pionki.info.pl\/?page_id=105","title":{"rendered":"Poradnie Specjalistyczne"},"content":{"rendered":"\n<p class=\"has-black-color has-text-color has-link-color wp-elements-02f188eff8e5e5bae98351a60999f10a\" style=\"font-size:17px\"><strong>Przychodnia Zdrowie \u015bwiadczy us\u0142ugi specjalistyczne w ramach NFZ oraz komercji: <\/strong><\/p>\n\n\n\n<p class=\"has-black-color has-text-color has-link-color wp-elements-318c7c5c0d9b208435e9340147b6f230\" style=\"font-size:17px\"><strong>Poradnia kardiologiczna<\/strong>&nbsp;zajmuje si\u0119&nbsp;rozpoznawaniem i leczeniem chor\u00f3b uk\u0142adu sercowo-naczyniowego w zakresie ambulatoryjnym. Diagnozuje i leczy wrodzone oraz nabyte wady serca, chorob\u0119 wie\u0144cow\u0105, niewydolno\u015b\u0107 serca, arytmi\u0119, nadci\u015bnienie t\u0119tnicze czy inne, np. wynikaj\u0105ce z wieku, choroby uk\u0142adu kr\u0105\u017cenia.&nbsp;Choroby kardiologiczne cz\u0119sto bywaj\u0105 ignorowane przez pacjent\u00f3w, poniewa\u017c schorzenia serca w pocz\u0105tkowej fazie nie wykazuj\u0105 specyficznych objaw\u00f3w. Uczucie ci\u0105g\u0142ego zm\u0119czenia, mroczki przed oczami lub lekkie duszno\u015bci \u0142atwo zrzuci\u0107 na stres i szybkie tempo \u017cycia. Cz\u0119sto o podj\u0119ciu zdecydowanych dzia\u0142a\u0144 decyduje dopiero utrata przytomno\u015bci lub trudno\u015bci z oddychaniem.<\/p>\n\n\n\n<p class=\"has-black-color has-text-color has-link-color wp-elements-fcb3c97d2eca2b3dfde27bcd791cafca\" style=\"font-size:17px\"><strong>Poradnia n<\/strong><strong>eurologiczna<\/strong>&nbsp;oferuje diagnostyk\u0119 i leczenie chor\u00f3b uk\u0142adu nerwowego w zakresach chor\u00f3b m\u00f3zgu, rdzenia kr\u0119gowego, nerw\u00f3w obwodowych i funkcji nerwowo-mi\u0119\u015bniowych;&nbsp;Wizyta u&nbsp;neurologa&nbsp;jest zalecana, kiedy m\u0119cz\u0105 Ci\u0119 przed\u0142u\u017caj\u0105ce si\u0119 b\u00f3le i zawroty g\u0142owy, b\u00f3le&nbsp;kr\u0119gos\u0142upa, miewasz&nbsp;omdlenia czy trudno\u015bci z utrzymaniem r\u00f3wnowagi. Niepokoj\u0105ce s\u0105 tak\u017ce wszelkiego rodzaju zaburzenia poznawcze, problemy z pami\u0119ci\u0105 i bolesne uczucie sztywno\u015bci.<\/p>\n\n\n\n<p class=\"has-black-color has-text-color has-link-color wp-elements-b090e1bdf2ac6373d9d421768225413a\" style=\"font-size:17px\"><strong>W ramach Poradni wykonujemy badania diagnostyczne:<\/strong>&nbsp;<a href=\"http:\/\/pionki.info.pl\/?page_id=564\" data-type=\"page\" data-id=\"564\">Holter&nbsp;EKG<\/a>,&nbsp;<a href=\"http:\/\/pionki.info.pl\/?page_id=545\" data-type=\"page\" data-id=\"545\">Holter RR(ci\u015bnieniowy)<\/a>,<a href=\"http:\/\/pionki.info.pl\/?page_id=547\" data-type=\"page\" data-id=\"547\">Echo serca<\/a>, <a href=\"http:\/\/pionki.info.pl\/?page_id=641\" data-type=\"page\" data-id=\"641\">EKG&nbsp;spoczynkowe<\/a>, <a href=\"http:\/\/pionki.info.pl\/?page_id=548\" data-type=\"page\" data-id=\"548\">EKG pr\u00f3ba &nbsp;wysi\u0142kowa<\/a>, <a href=\"http:\/\/pionki.info.pl\/?page_id=642\" data-type=\"page\" data-id=\"642\">EEG<\/a>, EMG, <a href=\"http:\/\/pionki.info.pl\/?page_id=782\" data-type=\"page\" data-id=\"782\">badanie poligraficzne<\/a>.<\/p>\n\n\n\n<p><\/p>\n","protected":false},"excerpt":{"rendered":"<p>Przychodnia Zdrowie \u015bwiadczy us\u0142ugi specjalistyczne w ramach NFZ oraz komercji: Poradnia kardiologiczna&nbsp;zajmuje si\u0119&nbsp;rozpoznawaniem i leczeniem chor\u00f3b uk\u0142adu sercowo-naczyniowego w zakresie ambulatoryjnym. Diagnozuje i leczy wrodzone oraz nabyte wady serca, chorob\u0119 wie\u0144cow\u0105, niewydolno\u015b\u0107 serca, arytmi\u0119, nadci\u015bnienie t\u0119tnicze czy inne, np. wynikaj\u0105ce z wieku, choroby uk\u0142adu kr\u0105\u017cenia.&nbsp;Choroby kardiologiczne cz\u0119sto bywaj\u0105 ignorowane przez [&hellip;]<\/p>\n","protected":false},"author":1,"featured_media":287,"parent":0,"menu_order":0,"comment_status":"closed","ping_status":"closed","template":"","meta":{"footnotes":""},"class_list":["post-105","page","type-page","status-publish","has-post-thumbnail","hentry"],"_links":{"self":[{"href":"https:\/\/pionki.info.pl\/index.php?rest_route=\/wp\/v2\/pages\/105","targetHints":{"allow":["GET"]}}],"collection":[{"href":"https:\/\/pionki.info.pl\/index.php?rest_route=\/wp\/v2\/pages"}],"about":[{"href":"https:\/\/pionki.info.pl\/index.php?rest_route=\/wp\/v2\/types\/page"}],"author":[{"embeddable":true,"href":"https:\/\/pionki.info.pl\/index.php?rest_route=\/wp\/v2\/users\/1"}],"replies":[{"embeddable":true,"href":"https:\/\/pionki.info.pl\/index.php?rest_route=%2Fwp%2Fv2%2Fcomments&post=105"}],"version-history":[{"count":10,"href":"https:\/\/pionki.info.pl\/index.php?rest_route=\/wp\/v2\/pages\/105\/revisions"}],"predecessor-version":[{"id":814,"href":"https:\/\/pionki.info.pl\/index.php?rest_route=\/wp\/v2\/pages\/105\/revisions\/814"}],"wp:featuredmedia":[{"embeddable":true,"href":"https:\/\/pionki.info.pl\/index.php?rest_route=\/wp\/v2\/media\/287"}],"wp:attachment":[{"href":"https:\/\/pionki.info.pl\/index.php?rest_route=%2Fwp%2Fv2%2Fmedia&parent=105"}],"curies":[{"name":"wp","href":"https:\/\/api.w.org\/{rel}","templated":true}]}}